{"id":366,"date":"2025-02-12T14:59:02","date_gmt":"2025-02-12T13:59:02","guid":{"rendered":"https:\/\/ca-santo-spirito.ms2.decms.eu\/?page_id=366"},"modified":"2025-07-29T18:19:00","modified_gmt":"2025-07-29T16:19:00","slug":"environs","status":"publish","type":"page","link":"https:\/\/www.casantospirito.it\/fr\/ou-nous-sommes\/environs\/","title":{"rendered":"Environs"},"content":{"rendered":"<p>Palazzo Saloni est situ\u00e9 dans un quartier tr\u00e8s sp\u00e9cial du quartier le plus boh\u00e9mien de Venise, dans une calle large et silencieuse, inconnue du tourisme de masse, au c\u0153ur de ce que l&rsquo;on appelle le Dorsoduro Art Mile. Cette zone, qui s&rsquo;\u00e9tend de Punta della Dogana \u00e0 l&rsquo;Accademia, sur une distance d&rsquo;environ un mile, abrite des mus\u00e9es priv\u00e9s et civiques exceptionnels, de nombreux ateliers de peintres, sculpteurs et artisans du verre et du bois&#8230; un v\u00e9ritable labyrinthe de ruelles et d&rsquo;art.<\/p>\n","protected":false},"excerpt":{"rendered":"<p>Palazzo Saloni est situ\u00e9 dans un quartier tr\u00e8s sp\u00e9cial du quartier le plus boh\u00e9mien de Venise, dans une calle large et silencieuse, inconnue du tourisme de masse, au c\u0153ur de ce que l&rsquo;on appelle le Dorsoduro Art Mile. Cette zone, qui s&rsquo;\u00e9tend de Punta della Dogana \u00e0 l&rsquo;Accademia, sur une distance d&rsquo;environ un mile, abrite [&hellip;]<\/p>\n","protected":false},"author":26,"featured_media":0,"parent":331,"menu_order":10,"comment_status":"closed","ping_status":"closed","template":"template-surroundings.php","meta":{"footnotes":""},"class_list":["post-366","page","type-page","status-publish","hentry"],"yoast_head":"<!-- This site is optimized with the Yoast SEO plugin v27.3 - https:\/\/yoast.com\/product\/yoast-seo-wordpress\/ -->\n<title>Environs &#183; B&amp;B C\u00e0 Santo Spirito &#183;<\/title>\n<meta name=\"description\" content=\"Palazzo Saloni est situ\u00e9 dans un quartier tr\u00e8s sp\u00e9cial du quartier le plus boh\u00e9mien de Venise, dans une calle large et silencieuse, inconnue du tourisme de masse, au c\u0153ur de ce que l&#039;on appelle le Dorsoduro Art Mile. Cette zone, qui s&#039;\u00e9tend de Punta della Dogana \u00e0 l&#039;Accademia, sur une distance d&#039;environ un mile, abrite des mus\u00e9es priv\u00e9s et civiques exceptionnels, de nombreux ateliers de peintres, sculpteurs et artisans du verre et du bois..\" \/>\n<meta name=\"robots\" content=\"index, follow, max-snippet:-1, max-image-preview:large, max-video-preview:-1\" \/>\n<link rel=\"canonical\" href=\"https:\/\/www.casantospirito.it\/fr\/ou-nous-sommes\/environs\/\" \/>\n<meta property=\"og:locale\" content=\"fr_FR\" \/>\n<meta property=\"og:type\" content=\"article\" \/>\n<meta property=\"og:title\" content=\"Environs &#183; B&amp;B C\u00e0 Santo Spirito &#183;\" \/>\n<meta property=\"og:description\" content=\"Palazzo Saloni est situ\u00e9 dans un quartier tr\u00e8s sp\u00e9cial du quartier le plus boh\u00e9mien de Venise, dans une calle large et silencieuse, inconnue du tourisme de masse, au c\u0153ur de ce que l&#039;on appelle le Dorsoduro Art Mile. Cette zone, qui s&#039;\u00e9tend de Punta della Dogana \u00e0 l&#039;Accademia, sur une distance d&#039;environ un mile, abrite des mus\u00e9es priv\u00e9s et civiques exceptionnels, de nombreux ateliers de peintres, sculpteurs et artisans du verre et du bois..\" \/>\n<meta property=\"og:url\" content=\"https:\/\/www.casantospirito.it\/fr\/ou-nous-sommes\/environs\/\" \/>\n<meta property=\"og:site_name\" content=\"B&amp;B C\u00e0 Santo Spirito\" \/>\n<meta property=\"article:modified_time\" content=\"2025-07-29T16:19:00+00:00\" \/>\n<meta property=\"og:image\" content=\"https:\/\/ca-santo-spirito.ms2.decms.eu\/wp-content\/uploads\/sites\/187\/2025\/09\/ca_dell_arte_venice_slide_01.jpg\" \/>\n\t<meta property=\"og:image:width\" content=\"2200\" \/>\n\t<meta property=\"og:image:height\" content=\"1200\" \/>\n\t<meta property=\"og:image:type\" content=\"image\/jpeg\" \/>\n<meta name=\"twitter:card\" content=\"summary_large_image\" \/>\n<meta name=\"twitter:label1\" content=\"Dur\u00e9e de lecture estim\u00e9e\" \/>\n\t<meta name=\"twitter:data1\" content=\"1 minute\" \/>\n<script type=\"application\/ld+json\" class=\"yoast-schema-graph\">{\"@context\":\"https:\\\/\\\/schema.org\",\"@graph\":[{\"@type\":\"WebPage\",\"@id\":\"https:\\\/\\\/www.casantospirito.it\\\/fr\\\/ou-nous-sommes\\\/environs\\\/\",\"url\":\"https:\\\/\\\/www.casantospirito.it\\\/fr\\\/ou-nous-sommes\\\/environs\\\/\",\"name\":\"Environs &#183; B&amp;B C\u00e0 Santo Spirito &#183;\",\"isPartOf\":{\"@id\":\"https:\\\/\\\/www.casantospirito.it\\\/fr\\\/#website\"},\"datePublished\":\"2025-02-12T13:59:02+00:00\",\"dateModified\":\"2025-07-29T16:19:00+00:00\",\"description\":\"Palazzo Saloni est situ\u00e9 dans un quartier tr\u00e8s sp\u00e9cial du quartier le plus boh\u00e9mien de Venise, dans une calle large et silencieuse, inconnue du tourisme de masse, au c\u0153ur de ce que l'on appelle le Dorsoduro Art Mile. Cette zone, qui s'\u00e9tend de Punta della Dogana \u00e0 l'Accademia, sur une distance d'environ un mile, abrite des mus\u00e9es priv\u00e9s et civiques exceptionnels, de nombreux ateliers de peintres, sculpteurs et artisans du verre et du bois..\",\"breadcrumb\":{\"@id\":\"https:\\\/\\\/www.casantospirito.it\\\/fr\\\/ou-nous-sommes\\\/environs\\\/#breadcrumb\"},\"inLanguage\":\"fr-FR\",\"potentialAction\":[{\"@type\":\"ReadAction\",\"target\":[\"https:\\\/\\\/www.casantospirito.it\\\/fr\\\/ou-nous-sommes\\\/environs\\\/\"]}]},{\"@type\":\"BreadcrumbList\",\"@id\":\"https:\\\/\\\/www.casantospirito.it\\\/fr\\\/ou-nous-sommes\\\/environs\\\/#breadcrumb\",\"itemListElement\":[{\"@type\":\"ListItem\",\"position\":1,\"name\":\"Home\",\"item\":\"https:\\\/\\\/www.casantospirito.it\\\/fr\\\/\"},{\"@type\":\"ListItem\",\"position\":2,\"name\":\"O\u00f9 nous sommes\",\"item\":\"https:\\\/\\\/www.casantospirito.it\\\/fr\\\/ou-nous-sommes\\\/\"},{\"@type\":\"ListItem\",\"position\":3,\"name\":\"Environs\"}]},{\"@type\":\"WebSite\",\"@id\":\"https:\\\/\\\/www.casantospirito.it\\\/fr\\\/#website\",\"url\":\"https:\\\/\\\/www.casantospirito.it\\\/fr\\\/\",\"name\":\"B&B C\u00e0 Santo Spirito\",\"description\":\"\",\"publisher\":{\"@id\":\"https:\\\/\\\/www.casantospirito.it\\\/fr\\\/#organization\"},\"potentialAction\":[{\"@type\":\"SearchAction\",\"target\":{\"@type\":\"EntryPoint\",\"urlTemplate\":\"https:\\\/\\\/www.casantospirito.it\\\/fr\\\/?s={search_term_string}\"},\"query-input\":{\"@type\":\"PropertyValueSpecification\",\"valueRequired\":true,\"valueName\":\"search_term_string\"}}],\"inLanguage\":\"fr-FR\"},{\"@type\":\"Organization\",\"@id\":\"https:\\\/\\\/www.casantospirito.it\\\/fr\\\/#organization\",\"name\":\"B&B C\u00e0 Santo Spirito\",\"url\":\"https:\\\/\\\/www.casantospirito.it\\\/fr\\\/\",\"logo\":{\"@type\":\"ImageObject\",\"inLanguage\":\"fr-FR\",\"@id\":\"https:\\\/\\\/www.casantospirito.it\\\/fr\\\/#\\\/schema\\\/logo\\\/image\\\/\",\"url\":\"https:\\\/\\\/ca-santo-spirito.ms2.decms.eu\\\/wp-content\\\/uploads\\\/sites\\\/187\\\/2025\\\/02\\\/casantospirito_logo_r.svg\",\"contentUrl\":\"https:\\\/\\\/ca-santo-spirito.ms2.decms.eu\\\/wp-content\\\/uploads\\\/sites\\\/187\\\/2025\\\/02\\\/casantospirito_logo_r.svg\",\"width\":435,\"height\":529,\"caption\":\"B&B C\u00e0 Santo Spirito\"},\"image\":{\"@id\":\"https:\\\/\\\/www.casantospirito.it\\\/fr\\\/#\\\/schema\\\/logo\\\/image\\\/\"}}]}<\/script>\n<!-- \/ Yoast SEO plugin. -->","yoast_head_json":{"title":"Environs &#183; B&amp;B C\u00e0 Santo Spirito &#183;","description":"Palazzo Saloni est situ\u00e9 dans un quartier tr\u00e8s sp\u00e9cial du quartier le plus boh\u00e9mien de Venise, dans une calle large et silencieuse, inconnue du tourisme de masse, au c\u0153ur de ce que l'on appelle le Dorsoduro Art Mile. Cette zone, qui s'\u00e9tend de Punta della Dogana \u00e0 l'Accademia, sur une distance d'environ un mile, abrite des mus\u00e9es priv\u00e9s et civiques exceptionnels, de nombreux ateliers de peintres, sculpteurs et artisans du verre et du bois..","robots":{"index":"index","follow":"follow","max-snippet":"max-snippet:-1","max-image-preview":"max-image-preview:large","max-video-preview":"max-video-preview:-1"},"canonical":"https:\/\/www.casantospirito.it\/fr\/ou-nous-sommes\/environs\/","og_locale":"fr_FR","og_type":"article","og_title":"Environs &#183; B&amp;B C\u00e0 Santo Spirito &#183;","og_description":"Palazzo Saloni est situ\u00e9 dans un quartier tr\u00e8s sp\u00e9cial du quartier le plus boh\u00e9mien de Venise, dans une calle large et silencieuse, inconnue du tourisme de masse, au c\u0153ur de ce que l'on appelle le Dorsoduro Art Mile. Cette zone, qui s'\u00e9tend de Punta della Dogana \u00e0 l'Accademia, sur une distance d'environ un mile, abrite des mus\u00e9es priv\u00e9s et civiques exceptionnels, de nombreux ateliers de peintres, sculpteurs et artisans du verre et du bois..","og_url":"https:\/\/www.casantospirito.it\/fr\/ou-nous-sommes\/environs\/","og_site_name":"B&amp;B C\u00e0 Santo Spirito","article_modified_time":"2025-07-29T16:19:00+00:00","og_image":[{"width":2200,"height":1200,"url":"https:\/\/ca-santo-spirito.ms2.decms.eu\/wp-content\/uploads\/sites\/187\/2025\/09\/ca_dell_arte_venice_slide_01.jpg","type":"image\/jpeg"}],"twitter_card":"summary_large_image","twitter_misc":{"Dur\u00e9e de lecture estim\u00e9e":"1 minute"},"schema":{"@context":"https:\/\/schema.org","@graph":[{"@type":"WebPage","@id":"https:\/\/www.casantospirito.it\/fr\/ou-nous-sommes\/environs\/","url":"https:\/\/www.casantospirito.it\/fr\/ou-nous-sommes\/environs\/","name":"Environs &#183; B&amp;B C\u00e0 Santo Spirito &#183;","isPartOf":{"@id":"https:\/\/www.casantospirito.it\/fr\/#website"},"datePublished":"2025-02-12T13:59:02+00:00","dateModified":"2025-07-29T16:19:00+00:00","description":"Palazzo Saloni est situ\u00e9 dans un quartier tr\u00e8s sp\u00e9cial du quartier le plus boh\u00e9mien de Venise, dans une calle large et silencieuse, inconnue du tourisme de masse, au c\u0153ur de ce que l'on appelle le Dorsoduro Art Mile. Cette zone, qui s'\u00e9tend de Punta della Dogana \u00e0 l'Accademia, sur une distance d'environ un mile, abrite des mus\u00e9es priv\u00e9s et civiques exceptionnels, de nombreux ateliers de peintres, sculpteurs et artisans du verre et du bois..","breadcrumb":{"@id":"https:\/\/www.casantospirito.it\/fr\/ou-nous-sommes\/environs\/#breadcrumb"},"inLanguage":"fr-FR","potentialAction":[{"@type":"ReadAction","target":["https:\/\/www.casantospirito.it\/fr\/ou-nous-sommes\/environs\/"]}]},{"@type":"BreadcrumbList","@id":"https:\/\/www.casantospirito.it\/fr\/ou-nous-sommes\/environs\/#breadcrumb","itemListElement":[{"@type":"ListItem","position":1,"name":"Home","item":"https:\/\/www.casantospirito.it\/fr\/"},{"@type":"ListItem","position":2,"name":"O\u00f9 nous sommes","item":"https:\/\/www.casantospirito.it\/fr\/ou-nous-sommes\/"},{"@type":"ListItem","position":3,"name":"Environs"}]},{"@type":"WebSite","@id":"https:\/\/www.casantospirito.it\/fr\/#website","url":"https:\/\/www.casantospirito.it\/fr\/","name":"B&B C\u00e0 Santo Spirito","description":"","publisher":{"@id":"https:\/\/www.casantospirito.it\/fr\/#organization"},"potentialAction":[{"@type":"SearchAction","target":{"@type":"EntryPoint","urlTemplate":"https:\/\/www.casantospirito.it\/fr\/?s={search_term_string}"},"query-input":{"@type":"PropertyValueSpecification","valueRequired":true,"valueName":"search_term_string"}}],"inLanguage":"fr-FR"},{"@type":"Organization","@id":"https:\/\/www.casantospirito.it\/fr\/#organization","name":"B&B C\u00e0 Santo Spirito","url":"https:\/\/www.casantospirito.it\/fr\/","logo":{"@type":"ImageObject","inLanguage":"fr-FR","@id":"https:\/\/www.casantospirito.it\/fr\/#\/schema\/logo\/image\/","url":"https:\/\/ca-santo-spirito.ms2.decms.eu\/wp-content\/uploads\/sites\/187\/2025\/02\/casantospirito_logo_r.svg","contentUrl":"https:\/\/ca-santo-spirito.ms2.decms.eu\/wp-content\/uploads\/sites\/187\/2025\/02\/casantospirito_logo_r.svg","width":435,"height":529,"caption":"B&B C\u00e0 Santo Spirito"},"image":{"@id":"https:\/\/www.casantospirito.it\/fr\/#\/schema\/logo\/image\/"}}]}},"acf":[],"_links":{"self":[{"href":"https:\/\/www.casantospirito.it\/fr\/wp-json\/wp\/v2\/pages\/366","targetHints":{"allow":["GET"]}}],"collection":[{"href":"https:\/\/www.casantospirito.it\/fr\/wp-json\/wp\/v2\/pages"}],"about":[{"href":"https:\/\/www.casantospirito.it\/fr\/wp-json\/wp\/v2\/types\/page"}],"author":[{"embeddable":true,"href":"https:\/\/www.casantospirito.it\/fr\/wp-json\/wp\/v2\/users\/26"}],"replies":[{"embeddable":true,"href":"https:\/\/www.casantospirito.it\/fr\/wp-json\/wp\/v2\/comments?post=366"}],"version-history":[{"count":0,"href":"https:\/\/www.casantospirito.it\/fr\/wp-json\/wp\/v2\/pages\/366\/revisions"}],"up":[{"embeddable":true,"href":"https:\/\/www.casantospirito.it\/fr\/wp-json\/wp\/v2\/pages\/331"}],"wp:attachment":[{"href":"https:\/\/www.casantospirito.it\/fr\/wp-json\/wp\/v2\/media?parent=366"}],"curies":[{"name":"wp","href":"https:\/\/api.w.org\/{rel}","templated":true}]}}