{"id":331,"date":"2025-02-12T14:58:06","date_gmt":"2025-02-12T13:58:06","guid":{"rendered":"https:\/\/ca-santo-spirito.ms2.decms.eu\/?page_id=331"},"modified":"2025-10-02T12:33:16","modified_gmt":"2025-10-02T10:33:16","slug":"ou-nous-sommes","status":"publish","type":"page","link":"https:\/\/www.casantospirito.it\/fr\/ou-nous-sommes\/","title":{"rendered":"O\u00f9 nous sommes"},"content":{"rendered":"<p style=\"text-align: center;\">Rio Ter\u00e0 ai Saloni 93, Dorsoduro<br \/>\nVenise, 30123, Italie<\/p>\n<p style=\"text-align: center;\">T\u00e9l\u00e9phone <a href=\"tel:+3934807111529\" target=\"_blank\" rel=\"noopener\">+39 348 07111529<\/a><br \/>\nT\u00e9l\u00e9phone <span class=\"footer_phone\"><a href=\"tel:+393938526854\">+39 393 8526854<\/a><\/span><br \/>\nE-mail <a href=\"mailto:info@casantospirito.it\" target=\"_blank\" rel=\"noopener\">info@casantospirito.it<\/a><\/p>\n","protected":false},"excerpt":{"rendered":"<p>Rio Ter\u00e0 ai Saloni 93, Dorsoduro Venise, 30123, Italie T\u00e9l\u00e9phone +39 348 07111529 T\u00e9l\u00e9phone +39 393 8526854 E-mail info@casantospirito.it<\/p>\n","protected":false},"author":26,"featured_media":0,"parent":0,"menu_order":40,"comment_status":"closed","ping_status":"closed","template":"template-location.php","meta":{"footnotes":""},"yoast_head":"<!-- This site is optimized with the Yoast SEO plugin v22.3 - https:\/\/yoast.com\/wordpress\/plugins\/seo\/ -->\n<title>O\u00f9 nous sommes &#183; B&amp;B C\u00e0 Santo Spirito &#183;<\/title>\n<meta name=\"description\" content=\"Rio Ter\u00e0 ai Saloni 93, Dorsoduro Venise, 30123, Italie T\u00e9l\u00e9phone +39 348 07111529 T\u00e9l\u00e9phone +39 393 8526854 E-mail info@casantospirito.it.\" \/>\n<meta name=\"robots\" content=\"index, follow, max-snippet:-1, max-image-preview:large, max-video-preview:-1\" \/>\n<link rel=\"canonical\" href=\"https:\/\/www.casantospirito.it\/fr\/ou-nous-sommes\/\" \/>\n<meta property=\"og:locale\" content=\"fr_FR\" \/>\n<meta property=\"og:type\" content=\"article\" \/>\n<meta property=\"og:title\" content=\"O\u00f9 nous sommes &#183; B&amp;B C\u00e0 Santo Spirito &#183;\" \/>\n<meta property=\"og:description\" content=\"Rio Ter\u00e0 ai Saloni 93, Dorsoduro Venise, 30123, Italie T\u00e9l\u00e9phone +39 348 07111529 T\u00e9l\u00e9phone +39 393 8526854 E-mail info@casantospirito.it.\" \/>\n<meta property=\"og:url\" content=\"https:\/\/www.casantospirito.it\/fr\/ou-nous-sommes\/\" \/>\n<meta property=\"og:site_name\" content=\"B&amp;B C\u00e0 Santo Spirito\" \/>\n<meta property=\"article:modified_time\" content=\"2025-10-02T10:33:16+00:00\" \/>\n<meta property=\"og:image\" content=\"https:\/\/ca-santo-spirito.ms2.decms.eu\/wp-content\/uploads\/sites\/187\/2025\/09\/ca_dell_arte_venice_slide_01.jpg\" \/>\n\t<meta property=\"og:image:width\" content=\"2200\" \/>\n\t<meta property=\"og:image:height\" content=\"1200\" \/>\n\t<meta property=\"og:image:type\" content=\"image\/jpeg\" \/>\n<meta name=\"twitter:card\" content=\"summary_large_image\" \/>\n<meta name=\"twitter:label1\" content=\"Dur\u00e9e de lecture estim\u00e9e\" \/>\n\t<meta name=\"twitter:data1\" content=\"1 minute\" \/>\n<script type=\"application\/ld+json\" class=\"yoast-schema-graph\">{\"@context\":\"https:\/\/schema.org\",\"@graph\":[{\"@type\":\"WebPage\",\"@id\":\"https:\/\/www.casantospirito.it\/fr\/ou-nous-sommes\/\",\"url\":\"https:\/\/www.casantospirito.it\/fr\/ou-nous-sommes\/\",\"name\":\"O\u00f9 nous sommes &#183; B&amp;B C\u00e0 Santo Spirito &#183;\",\"isPartOf\":{\"@id\":\"https:\/\/www.casantospirito.it\/fr\/#website\"},\"datePublished\":\"2025-02-12T13:58:06+00:00\",\"dateModified\":\"2025-10-02T10:33:16+00:00\",\"description\":\"Rio Ter\u00e0 ai Saloni 93, Dorsoduro Venise, 30123, Italie T\u00e9l\u00e9phone +39 348 07111529 T\u00e9l\u00e9phone +39 393 8526854 E-mail info@casantospirito.it .\",\"breadcrumb\":{\"@id\":\"https:\/\/www.casantospirito.it\/fr\/ou-nous-sommes\/#breadcrumb\"},\"inLanguage\":\"fr-FR\",\"potentialAction\":[{\"@type\":\"ReadAction\",\"target\":[\"https:\/\/www.casantospirito.it\/fr\/ou-nous-sommes\/\"]}]},{\"@type\":\"BreadcrumbList\",\"@id\":\"https:\/\/www.casantospirito.it\/fr\/ou-nous-sommes\/#breadcrumb\",\"itemListElement\":[{\"@type\":\"ListItem\",\"position\":1,\"name\":\"Home\",\"item\":\"https:\/\/www.casantospirito.it\/fr\/\"},{\"@type\":\"ListItem\",\"position\":2,\"name\":\"O\u00f9 nous sommes\"}]},{\"@type\":\"WebSite\",\"@id\":\"https:\/\/www.casantospirito.it\/fr\/#website\",\"url\":\"https:\/\/www.casantospirito.it\/fr\/\",\"name\":\"B&B C\u00e0 Santo Spirito\",\"description\":\"\",\"publisher\":{\"@id\":\"https:\/\/www.casantospirito.it\/fr\/#organization\"},\"potentialAction\":[{\"@type\":\"SearchAction\",\"target\":{\"@type\":\"EntryPoint\",\"urlTemplate\":\"https:\/\/www.casantospirito.it\/fr\/?s={search_term_string}\"},\"query-input\":\"required name=search_term_string\"}],\"inLanguage\":\"fr-FR\"},{\"@type\":\"Organization\",\"@id\":\"https:\/\/www.casantospirito.it\/fr\/#organization\",\"name\":\"B&B C\u00e0 Santo Spirito\",\"url\":\"https:\/\/www.casantospirito.it\/fr\/\",\"logo\":{\"@type\":\"ImageObject\",\"inLanguage\":\"fr-FR\",\"@id\":\"https:\/\/www.casantospirito.it\/fr\/#\/schema\/logo\/image\/\",\"url\":\"https:\/\/ca-santo-spirito.ms2.decms.eu\/wp-content\/uploads\/sites\/187\/2025\/02\/casantospirito_logo_r.svg\",\"contentUrl\":\"https:\/\/ca-santo-spirito.ms2.decms.eu\/wp-content\/uploads\/sites\/187\/2025\/02\/casantospirito_logo_r.svg\",\"width\":435,\"height\":529,\"caption\":\"B&B C\u00e0 Santo Spirito\"},\"image\":{\"@id\":\"https:\/\/www.casantospirito.it\/fr\/#\/schema\/logo\/image\/\"}}]}<\/script>\n<!-- \/ Yoast SEO plugin. -->","yoast_head_json":{"title":"O\u00f9 nous sommes &#183; B&amp;B C\u00e0 Santo Spirito &#183;","description":"Rio Ter\u00e0 ai Saloni 93, Dorsoduro Venise, 30123, Italie T\u00e9l\u00e9phone +39 348 07111529 T\u00e9l\u00e9phone +39 393 8526854 E-mail info@casantospirito.it.","robots":{"index":"index","follow":"follow","max-snippet":"max-snippet:-1","max-image-preview":"max-image-preview:large","max-video-preview":"max-video-preview:-1"},"canonical":"https:\/\/www.casantospirito.it\/fr\/ou-nous-sommes\/","og_locale":"fr_FR","og_type":"article","og_title":"O\u00f9 nous sommes &#183; B&amp;B C\u00e0 Santo Spirito &#183;","og_description":"Rio Ter\u00e0 ai Saloni 93, Dorsoduro Venise, 30123, Italie T\u00e9l\u00e9phone +39 348 07111529 T\u00e9l\u00e9phone +39 393 8526854 E-mail info@casantospirito.it.","og_url":"https:\/\/www.casantospirito.it\/fr\/ou-nous-sommes\/","og_site_name":"B&amp;B C\u00e0 Santo Spirito","article_modified_time":"2025-10-02T10:33:16+00:00","og_image":[{"width":2200,"height":1200,"url":"https:\/\/ca-santo-spirito.ms2.decms.eu\/wp-content\/uploads\/sites\/187\/2025\/09\/ca_dell_arte_venice_slide_01.jpg","type":"image\/jpeg"}],"twitter_card":"summary_large_image","twitter_misc":{"Dur\u00e9e de lecture estim\u00e9e":"1 minute"},"schema":{"@context":"https:\/\/schema.org","@graph":[{"@type":"WebPage","@id":"https:\/\/www.casantospirito.it\/fr\/ou-nous-sommes\/","url":"https:\/\/www.casantospirito.it\/fr\/ou-nous-sommes\/","name":"O\u00f9 nous sommes &#183; B&amp;B C\u00e0 Santo Spirito &#183;","isPartOf":{"@id":"https:\/\/www.casantospirito.it\/fr\/#website"},"datePublished":"2025-02-12T13:58:06+00:00","dateModified":"2025-10-02T10:33:16+00:00","description":"Rio Ter\u00e0 ai Saloni 93, Dorsoduro Venise, 30123, Italie T\u00e9l\u00e9phone +39 348 07111529 T\u00e9l\u00e9phone +39 393 8526854 E-mail info@casantospirito.it .","breadcrumb":{"@id":"https:\/\/www.casantospirito.it\/fr\/ou-nous-sommes\/#breadcrumb"},"inLanguage":"fr-FR","potentialAction":[{"@type":"ReadAction","target":["https:\/\/www.casantospirito.it\/fr\/ou-nous-sommes\/"]}]},{"@type":"BreadcrumbList","@id":"https:\/\/www.casantospirito.it\/fr\/ou-nous-sommes\/#breadcrumb","itemListElement":[{"@type":"ListItem","position":1,"name":"Home","item":"https:\/\/www.casantospirito.it\/fr\/"},{"@type":"ListItem","position":2,"name":"O\u00f9 nous sommes"}]},{"@type":"WebSite","@id":"https:\/\/www.casantospirito.it\/fr\/#website","url":"https:\/\/www.casantospirito.it\/fr\/","name":"B&B C\u00e0 Santo Spirito","description":"","publisher":{"@id":"https:\/\/www.casantospirito.it\/fr\/#organization"},"potentialAction":[{"@type":"SearchAction","target":{"@type":"EntryPoint","urlTemplate":"https:\/\/www.casantospirito.it\/fr\/?s={search_term_string}"},"query-input":"required name=search_term_string"}],"inLanguage":"fr-FR"},{"@type":"Organization","@id":"https:\/\/www.casantospirito.it\/fr\/#organization","name":"B&B C\u00e0 Santo Spirito","url":"https:\/\/www.casantospirito.it\/fr\/","logo":{"@type":"ImageObject","inLanguage":"fr-FR","@id":"https:\/\/www.casantospirito.it\/fr\/#\/schema\/logo\/image\/","url":"https:\/\/ca-santo-spirito.ms2.decms.eu\/wp-content\/uploads\/sites\/187\/2025\/02\/casantospirito_logo_r.svg","contentUrl":"https:\/\/ca-santo-spirito.ms2.decms.eu\/wp-content\/uploads\/sites\/187\/2025\/02\/casantospirito_logo_r.svg","width":435,"height":529,"caption":"B&B C\u00e0 Santo Spirito"},"image":{"@id":"https:\/\/www.casantospirito.it\/fr\/#\/schema\/logo\/image\/"}}]}},"acf":[],"_links":{"self":[{"href":"https:\/\/www.casantospirito.it\/fr\/wp-json\/wp\/v2\/pages\/331"}],"collection":[{"href":"https:\/\/www.casantospirito.it\/fr\/wp-json\/wp\/v2\/pages"}],"about":[{"href":"https:\/\/www.casantospirito.it\/fr\/wp-json\/wp\/v2\/types\/page"}],"author":[{"embeddable":true,"href":"https:\/\/www.casantospirito.it\/fr\/wp-json\/wp\/v2\/users\/26"}],"replies":[{"embeddable":true,"href":"https:\/\/www.casantospirito.it\/fr\/wp-json\/wp\/v2\/comments?post=331"}],"version-history":[{"count":0,"href":"https:\/\/www.casantospirito.it\/fr\/wp-json\/wp\/v2\/pages\/331\/revisions"}],"wp:attachment":[{"href":"https:\/\/www.casantospirito.it\/fr\/wp-json\/wp\/v2\/media?parent=331"}],"curies":[{"name":"wp","href":"https:\/\/api.w.org\/{rel}","templated":true}]}}