{"id":323,"date":"2025-02-12T14:58:48","date_gmt":"2025-02-12T13:58:48","guid":{"rendered":"https:\/\/ca-santo-spirito.ms2.decms.eu\/?page_id=323"},"modified":"2025-07-29T17:34:42","modified_gmt":"2025-07-29T15:34:42","slug":"petit-dejeuner","status":"publish","type":"page","link":"https:\/\/www.casantospirito.it\/fr\/services\/petit-dejeuner\/","title":{"rendered":"Petit-d\u00e9jeuner"},"content":{"rendered":"<p>Commencez votre journ\u00e9e avec un moment d\u2019hospitalit\u00e9 authentique, o\u00f9 le plaisir du r\u00e9veil se m\u00eale \u00e0 la joie d\u2019un petit-d\u00e9jeuner soigneusement pr\u00e9par\u00e9.<\/p>\n<p>Dans notre B&amp;B, le petit-d\u00e9jeuner est une exp\u00e9rience con\u00e7ue pour offrir des ingr\u00e9dients de qualit\u00e9, des saveurs riches et une vari\u00e9t\u00e9 d\u2019options pour satisfaire tous les go\u00fbts.<\/p>\n","protected":false},"excerpt":{"rendered":"<p>Commencez votre journ\u00e9e avec un moment d\u2019hospitalit\u00e9 authentique, o\u00f9 le plaisir du r\u00e9veil se m\u00eale \u00e0 la joie d\u2019un petit-d\u00e9jeuner soigneusement pr\u00e9par\u00e9. Dans notre B&amp;B, le petit-d\u00e9jeuner est une exp\u00e9rience con\u00e7ue pour offrir des ingr\u00e9dients de qualit\u00e9, des saveurs riches et une vari\u00e9t\u00e9 d\u2019options pour satisfaire tous les go\u00fbts.<\/p>\n","protected":false},"author":26,"featured_media":0,"parent":316,"menu_order":20,"comment_status":"closed","ping_status":"closed","template":"template-default-2.php","meta":{"footnotes":""},"class_list":["post-323","page","type-page","status-publish","hentry"],"yoast_head":"<!-- This site is optimized with the Yoast SEO plugin v27.3 - https:\/\/yoast.com\/product\/yoast-seo-wordpress\/ -->\n<title>Petit-d\u00e9jeuner &#183; B&amp;B C\u00e0 Santo Spirito &#183;<\/title>\n<meta name=\"description\" content=\"Commencez votre journ\u00e9e avec un moment d\u2019hospitalit\u00e9 authentique, o\u00f9 le plaisir du r\u00e9veil se m\u00eale \u00e0 la joie d\u2019un petit-d\u00e9jeuner soigneusement pr\u00e9par\u00e9.  Dans notre B&amp;B, le petit-d\u00e9jeuner est une exp\u00e9rience con\u00e7ue pour offrir des ingr\u00e9dients de qualit\u00e9, des saveurs riches et une vari\u00e9t\u00e9 d\u2019options pour satisfaire tous les go\u00fbts..\" \/>\n<meta name=\"robots\" content=\"index, follow, max-snippet:-1, max-image-preview:large, max-video-preview:-1\" \/>\n<link rel=\"canonical\" href=\"https:\/\/www.casantospirito.it\/fr\/services\/petit-dejeuner\/\" \/>\n<meta property=\"og:locale\" content=\"fr_FR\" \/>\n<meta property=\"og:type\" content=\"article\" \/>\n<meta property=\"og:title\" content=\"Petit-d\u00e9jeuner &#183; B&amp;B C\u00e0 Santo Spirito &#183;\" \/>\n<meta property=\"og:description\" content=\"Commencez votre journ\u00e9e avec un moment d\u2019hospitalit\u00e9 authentique, o\u00f9 le plaisir du r\u00e9veil se m\u00eale \u00e0 la joie d\u2019un petit-d\u00e9jeuner soigneusement pr\u00e9par\u00e9.  Dans notre B&amp;B, le petit-d\u00e9jeuner est une exp\u00e9rience con\u00e7ue pour offrir des ingr\u00e9dients de qualit\u00e9, des saveurs riches et une vari\u00e9t\u00e9 d\u2019options pour satisfaire tous les go\u00fbts..\" \/>\n<meta property=\"og:url\" content=\"https:\/\/www.casantospirito.it\/fr\/services\/petit-dejeuner\/\" \/>\n<meta property=\"og:site_name\" content=\"B&amp;B C\u00e0 Santo Spirito\" \/>\n<meta property=\"article:modified_time\" content=\"2025-07-29T15:34:42+00:00\" \/>\n<meta property=\"og:image\" content=\"https:\/\/ca-santo-spirito.ms2.decms.eu\/wp-content\/uploads\/sites\/187\/2025\/09\/ca_dell_arte_venice_slide_01.jpg\" \/>\n\t<meta property=\"og:image:width\" content=\"2200\" \/>\n\t<meta property=\"og:image:height\" content=\"1200\" \/>\n\t<meta property=\"og:image:type\" content=\"image\/jpeg\" \/>\n<meta name=\"twitter:card\" content=\"summary_large_image\" \/>\n<meta name=\"twitter:label1\" content=\"Dur\u00e9e de lecture estim\u00e9e\" \/>\n\t<meta name=\"twitter:data1\" content=\"1 minute\" \/>\n<script type=\"application\/ld+json\" class=\"yoast-schema-graph\">{\"@context\":\"https:\\\/\\\/schema.org\",\"@graph\":[{\"@type\":\"WebPage\",\"@id\":\"https:\\\/\\\/www.casantospirito.it\\\/fr\\\/services\\\/petit-dejeuner\\\/\",\"url\":\"https:\\\/\\\/www.casantospirito.it\\\/fr\\\/services\\\/petit-dejeuner\\\/\",\"name\":\"Petit-d\u00e9jeuner &#183; B&amp;B C\u00e0 Santo Spirito &#183;\",\"isPartOf\":{\"@id\":\"https:\\\/\\\/www.casantospirito.it\\\/fr\\\/#website\"},\"datePublished\":\"2025-02-12T13:58:48+00:00\",\"dateModified\":\"2025-07-29T15:34:42+00:00\",\"description\":\"Commencez votre journ\u00e9e avec un moment d\u2019hospitalit\u00e9 authentique, o\u00f9 le plaisir du r\u00e9veil se m\u00eale \u00e0 la joie d\u2019un petit-d\u00e9jeuner soigneusement pr\u00e9par\u00e9. Dans notre B&amp;B, le petit-d\u00e9jeuner est une exp\u00e9rience con\u00e7ue pour offrir des ingr\u00e9dients de qualit\u00e9, des saveurs riches et une vari\u00e9t\u00e9 d\u2019options pour satisfaire tous les go\u00fbts..\",\"breadcrumb\":{\"@id\":\"https:\\\/\\\/www.casantospirito.it\\\/fr\\\/services\\\/petit-dejeuner\\\/#breadcrumb\"},\"inLanguage\":\"fr-FR\",\"potentialAction\":[{\"@type\":\"ReadAction\",\"target\":[\"https:\\\/\\\/www.casantospirito.it\\\/fr\\\/services\\\/petit-dejeuner\\\/\"]}]},{\"@type\":\"BreadcrumbList\",\"@id\":\"https:\\\/\\\/www.casantospirito.it\\\/fr\\\/services\\\/petit-dejeuner\\\/#breadcrumb\",\"itemListElement\":[{\"@type\":\"ListItem\",\"position\":1,\"name\":\"Home\",\"item\":\"https:\\\/\\\/www.casantospirito.it\\\/fr\\\/\"},{\"@type\":\"ListItem\",\"position\":2,\"name\":\"Services\",\"item\":\"https:\\\/\\\/www.casantospirito.it\\\/fr\\\/servizi\\\/\"},{\"@type\":\"ListItem\",\"position\":3,\"name\":\"Petit-d\u00e9jeuner\"}]},{\"@type\":\"WebSite\",\"@id\":\"https:\\\/\\\/www.casantospirito.it\\\/fr\\\/#website\",\"url\":\"https:\\\/\\\/www.casantospirito.it\\\/fr\\\/\",\"name\":\"B&B C\u00e0 Santo Spirito\",\"description\":\"\",\"publisher\":{\"@id\":\"https:\\\/\\\/www.casantospirito.it\\\/fr\\\/#organization\"},\"potentialAction\":[{\"@type\":\"SearchAction\",\"target\":{\"@type\":\"EntryPoint\",\"urlTemplate\":\"https:\\\/\\\/www.casantospirito.it\\\/fr\\\/?s={search_term_string}\"},\"query-input\":{\"@type\":\"PropertyValueSpecification\",\"valueRequired\":true,\"valueName\":\"search_term_string\"}}],\"inLanguage\":\"fr-FR\"},{\"@type\":\"Organization\",\"@id\":\"https:\\\/\\\/www.casantospirito.it\\\/fr\\\/#organization\",\"name\":\"B&B C\u00e0 Santo Spirito\",\"url\":\"https:\\\/\\\/www.casantospirito.it\\\/fr\\\/\",\"logo\":{\"@type\":\"ImageObject\",\"inLanguage\":\"fr-FR\",\"@id\":\"https:\\\/\\\/www.casantospirito.it\\\/fr\\\/#\\\/schema\\\/logo\\\/image\\\/\",\"url\":\"https:\\\/\\\/ca-santo-spirito.ms2.decms.eu\\\/wp-content\\\/uploads\\\/sites\\\/187\\\/2025\\\/02\\\/casantospirito_logo_r.svg\",\"contentUrl\":\"https:\\\/\\\/ca-santo-spirito.ms2.decms.eu\\\/wp-content\\\/uploads\\\/sites\\\/187\\\/2025\\\/02\\\/casantospirito_logo_r.svg\",\"width\":435,\"height\":529,\"caption\":\"B&B C\u00e0 Santo Spirito\"},\"image\":{\"@id\":\"https:\\\/\\\/www.casantospirito.it\\\/fr\\\/#\\\/schema\\\/logo\\\/image\\\/\"}}]}<\/script>\n<!-- \/ Yoast SEO plugin. -->","yoast_head_json":{"title":"Petit-d\u00e9jeuner &#183; B&amp;B C\u00e0 Santo Spirito &#183;","description":"Commencez votre journ\u00e9e avec un moment d\u2019hospitalit\u00e9 authentique, o\u00f9 le plaisir du r\u00e9veil se m\u00eale \u00e0 la joie d\u2019un petit-d\u00e9jeuner soigneusement pr\u00e9par\u00e9.  Dans notre B&amp;B, le petit-d\u00e9jeuner est une exp\u00e9rience con\u00e7ue pour offrir des ingr\u00e9dients de qualit\u00e9, des saveurs riches et une vari\u00e9t\u00e9 d\u2019options pour satisfaire tous les go\u00fbts..","robots":{"index":"index","follow":"follow","max-snippet":"max-snippet:-1","max-image-preview":"max-image-preview:large","max-video-preview":"max-video-preview:-1"},"canonical":"https:\/\/www.casantospirito.it\/fr\/services\/petit-dejeuner\/","og_locale":"fr_FR","og_type":"article","og_title":"Petit-d\u00e9jeuner &#183; B&amp;B C\u00e0 Santo Spirito &#183;","og_description":"Commencez votre journ\u00e9e avec un moment d\u2019hospitalit\u00e9 authentique, o\u00f9 le plaisir du r\u00e9veil se m\u00eale \u00e0 la joie d\u2019un petit-d\u00e9jeuner soigneusement pr\u00e9par\u00e9.  Dans notre B&amp;B, le petit-d\u00e9jeuner est une exp\u00e9rience con\u00e7ue pour offrir des ingr\u00e9dients de qualit\u00e9, des saveurs riches et une vari\u00e9t\u00e9 d\u2019options pour satisfaire tous les go\u00fbts..","og_url":"https:\/\/www.casantospirito.it\/fr\/services\/petit-dejeuner\/","og_site_name":"B&amp;B C\u00e0 Santo Spirito","article_modified_time":"2025-07-29T15:34:42+00:00","og_image":[{"width":2200,"height":1200,"url":"https:\/\/ca-santo-spirito.ms2.decms.eu\/wp-content\/uploads\/sites\/187\/2025\/09\/ca_dell_arte_venice_slide_01.jpg","type":"image\/jpeg"}],"twitter_card":"summary_large_image","twitter_misc":{"Dur\u00e9e de lecture estim\u00e9e":"1 minute"},"schema":{"@context":"https:\/\/schema.org","@graph":[{"@type":"WebPage","@id":"https:\/\/www.casantospirito.it\/fr\/services\/petit-dejeuner\/","url":"https:\/\/www.casantospirito.it\/fr\/services\/petit-dejeuner\/","name":"Petit-d\u00e9jeuner &#183; B&amp;B C\u00e0 Santo Spirito &#183;","isPartOf":{"@id":"https:\/\/www.casantospirito.it\/fr\/#website"},"datePublished":"2025-02-12T13:58:48+00:00","dateModified":"2025-07-29T15:34:42+00:00","description":"Commencez votre journ\u00e9e avec un moment d\u2019hospitalit\u00e9 authentique, o\u00f9 le plaisir du r\u00e9veil se m\u00eale \u00e0 la joie d\u2019un petit-d\u00e9jeuner soigneusement pr\u00e9par\u00e9. Dans notre B&amp;B, le petit-d\u00e9jeuner est une exp\u00e9rience con\u00e7ue pour offrir des ingr\u00e9dients de qualit\u00e9, des saveurs riches et une vari\u00e9t\u00e9 d\u2019options pour satisfaire tous les go\u00fbts..","breadcrumb":{"@id":"https:\/\/www.casantospirito.it\/fr\/services\/petit-dejeuner\/#breadcrumb"},"inLanguage":"fr-FR","potentialAction":[{"@type":"ReadAction","target":["https:\/\/www.casantospirito.it\/fr\/services\/petit-dejeuner\/"]}]},{"@type":"BreadcrumbList","@id":"https:\/\/www.casantospirito.it\/fr\/services\/petit-dejeuner\/#breadcrumb","itemListElement":[{"@type":"ListItem","position":1,"name":"Home","item":"https:\/\/www.casantospirito.it\/fr\/"},{"@type":"ListItem","position":2,"name":"Services","item":"https:\/\/www.casantospirito.it\/fr\/servizi\/"},{"@type":"ListItem","position":3,"name":"Petit-d\u00e9jeuner"}]},{"@type":"WebSite","@id":"https:\/\/www.casantospirito.it\/fr\/#website","url":"https:\/\/www.casantospirito.it\/fr\/","name":"B&B C\u00e0 Santo Spirito","description":"","publisher":{"@id":"https:\/\/www.casantospirito.it\/fr\/#organization"},"potentialAction":[{"@type":"SearchAction","target":{"@type":"EntryPoint","urlTemplate":"https:\/\/www.casantospirito.it\/fr\/?s={search_term_string}"},"query-input":{"@type":"PropertyValueSpecification","valueRequired":true,"valueName":"search_term_string"}}],"inLanguage":"fr-FR"},{"@type":"Organization","@id":"https:\/\/www.casantospirito.it\/fr\/#organization","name":"B&B C\u00e0 Santo Spirito","url":"https:\/\/www.casantospirito.it\/fr\/","logo":{"@type":"ImageObject","inLanguage":"fr-FR","@id":"https:\/\/www.casantospirito.it\/fr\/#\/schema\/logo\/image\/","url":"https:\/\/ca-santo-spirito.ms2.decms.eu\/wp-content\/uploads\/sites\/187\/2025\/02\/casantospirito_logo_r.svg","contentUrl":"https:\/\/ca-santo-spirito.ms2.decms.eu\/wp-content\/uploads\/sites\/187\/2025\/02\/casantospirito_logo_r.svg","width":435,"height":529,"caption":"B&B C\u00e0 Santo Spirito"},"image":{"@id":"https:\/\/www.casantospirito.it\/fr\/#\/schema\/logo\/image\/"}}]}},"acf":[],"_links":{"self":[{"href":"https:\/\/www.casantospirito.it\/fr\/wp-json\/wp\/v2\/pages\/323","targetHints":{"allow":["GET"]}}],"collection":[{"href":"https:\/\/www.casantospirito.it\/fr\/wp-json\/wp\/v2\/pages"}],"about":[{"href":"https:\/\/www.casantospirito.it\/fr\/wp-json\/wp\/v2\/types\/page"}],"author":[{"embeddable":true,"href":"https:\/\/www.casantospirito.it\/fr\/wp-json\/wp\/v2\/users\/26"}],"replies":[{"embeddable":true,"href":"https:\/\/www.casantospirito.it\/fr\/wp-json\/wp\/v2\/comments?post=323"}],"version-history":[{"count":0,"href":"https:\/\/www.casantospirito.it\/fr\/wp-json\/wp\/v2\/pages\/323\/revisions"}],"up":[{"embeddable":true,"href":"https:\/\/www.casantospirito.it\/fr\/wp-json\/wp\/v2\/pages\/316"}],"wp:attachment":[{"href":"https:\/\/www.casantospirito.it\/fr\/wp-json\/wp\/v2\/media?parent=323"}],"curies":[{"name":"wp","href":"https:\/\/api.w.org\/{rel}","templated":true}]}}