{"id":310,"date":"2024-11-26T16:45:31","date_gmt":"2024-11-26T15:45:31","guid":{"rendered":"https:\/\/ca-santo-spirito.ms2.decms.eu\/?page_id=310"},"modified":"2025-07-29T17:23:53","modified_gmt":"2025-07-29T15:23:53","slug":"suite","status":"publish","type":"page","link":"https:\/\/www.casantospirito.it\/fr\/chambres\/suite\/","title":{"rendered":"Suite"},"content":{"rendered":"<p>La Suite de C\u00e0 Santo Spirito se trouve au troisi\u00e8me et dernier \u00e9tage, accessible uniquement par les escaliers, avec un acc\u00e8s priv\u00e9 garantissant intimit\u00e9 et confidentialit\u00e9. L&rsquo;appartement a \u00e9t\u00e9 r\u00e9cemment r\u00e9nov\u00e9 en combinant des \u00e9l\u00e9ments historiques de la maison avec des d\u00e9tails modernes. L&rsquo;h\u00e9bergement est \u00e9l\u00e9gant, spacieux et lumineux, avec des anciennes poutres apparentes et un parquet en bois.<\/p>\n<p>L&rsquo;appartement est divis\u00e9 en deux espaces : une grande chambre double avec salle de bains privative ; le salon, qui comprend un coin d\u00e9tente avec un canap\u00e9 confortable (qui se transforme en un deuxi\u00e8me lit si n\u00e9cessaire), un coin cuisine, et une deuxi\u00e8me salle de bains.<\/p>\n","protected":false},"excerpt":{"rendered":"<p>La Suite de C\u00e0 Santo Spirito se trouve au troisi\u00e8me et dernier \u00e9tage, accessible uniquement par les escaliers, avec un acc\u00e8s priv\u00e9 garantissant intimit\u00e9 et confidentialit\u00e9. L&rsquo;appartement a \u00e9t\u00e9 r\u00e9cemment r\u00e9nov\u00e9 en combinant des \u00e9l\u00e9ments historiques de la maison avec des d\u00e9tails modernes. L&rsquo;h\u00e9bergement est \u00e9l\u00e9gant, spacieux et lumineux, avec des anciennes poutres apparentes et [&hellip;]<\/p>\n","protected":false},"author":26,"featured_media":0,"parent":300,"menu_order":20,"comment_status":"closed","ping_status":"closed","template":"template-single-room.php","meta":{"footnotes":""},"class_list":["post-310","page","type-page","status-publish","hentry"],"yoast_head":"<!-- This site is optimized with the Yoast SEO plugin v27.3 - https:\/\/yoast.com\/product\/yoast-seo-wordpress\/ -->\n<title>Suite &#183; B&amp;B C\u00e0 Santo Spirito &#183;<\/title>\n<meta name=\"description\" content=\"La Suite de C\u00e0 Santo Spirito se trouve au troisi\u00e8me et dernier \u00e9tage, accessible uniquement par les escaliers, avec un acc\u00e8s priv\u00e9 garantissant intimit\u00e9 et confidentialit\u00e9. L&#039;appartement a \u00e9t\u00e9 r\u00e9cemment r\u00e9nov\u00e9 en combinant des \u00e9l\u00e9ments historiques de la maison avec des d\u00e9tails modernes\" \/>\n<meta name=\"robots\" content=\"index, follow, max-snippet:-1, max-image-preview:large, max-video-preview:-1\" \/>\n<link rel=\"canonical\" href=\"https:\/\/www.casantospirito.it\/fr\/chambres\/suite\/\" \/>\n<meta property=\"og:locale\" content=\"fr_FR\" \/>\n<meta property=\"og:type\" content=\"article\" \/>\n<meta property=\"og:title\" content=\"Suite &#183; B&amp;B C\u00e0 Santo Spirito &#183;\" \/>\n<meta property=\"og:description\" content=\"La Suite de C\u00e0 Santo Spirito se trouve au troisi\u00e8me et dernier \u00e9tage, accessible uniquement par les escaliers, avec un acc\u00e8s priv\u00e9 garantissant intimit\u00e9 et confidentialit\u00e9. L&#039;appartement a \u00e9t\u00e9 r\u00e9cemment r\u00e9nov\u00e9 en combinant des \u00e9l\u00e9ments historiques de la maison avec des d\u00e9tails modernes\" \/>\n<meta property=\"og:url\" content=\"https:\/\/www.casantospirito.it\/fr\/chambres\/suite\/\" \/>\n<meta property=\"og:site_name\" content=\"B&amp;B C\u00e0 Santo Spirito\" \/>\n<meta property=\"article:modified_time\" content=\"2025-07-29T15:23:53+00:00\" \/>\n<meta property=\"og:image\" content=\"https:\/\/ca-santo-spirito.ms2.decms.eu\/wp-content\/uploads\/sites\/187\/2025\/09\/ca_dell_arte_venice_slide_01.jpg\" \/>\n\t<meta property=\"og:image:width\" content=\"2200\" \/>\n\t<meta property=\"og:image:height\" content=\"1200\" \/>\n\t<meta property=\"og:image:type\" content=\"image\/jpeg\" \/>\n<meta name=\"twitter:card\" content=\"summary_large_image\" \/>\n<meta name=\"twitter:label1\" content=\"Dur\u00e9e de lecture estim\u00e9e\" \/>\n\t<meta name=\"twitter:data1\" content=\"1 minute\" \/>\n<script type=\"application\/ld+json\" class=\"yoast-schema-graph\">{\"@context\":\"https:\\\/\\\/schema.org\",\"@graph\":[{\"@type\":\"WebPage\",\"@id\":\"https:\\\/\\\/www.casantospirito.it\\\/fr\\\/chambres\\\/suite\\\/\",\"url\":\"https:\\\/\\\/www.casantospirito.it\\\/fr\\\/chambres\\\/suite\\\/\",\"name\":\"Suite &#183; B&amp;B C\u00e0 Santo Spirito &#183;\",\"isPartOf\":{\"@id\":\"https:\\\/\\\/www.casantospirito.it\\\/fr\\\/#website\"},\"datePublished\":\"2024-11-26T15:45:31+00:00\",\"dateModified\":\"2025-07-29T15:23:53+00:00\",\"description\":\"La Suite de C\u00e0 Santo Spirito se trouve au troisi\u00e8me et dernier \u00e9tage, accessible uniquement par les escaliers, avec un acc\u00e8s priv\u00e9 garantissant intimit\u00e9 et confidentialit\u00e9. L'appartement a \u00e9t\u00e9 r\u00e9cemment r\u00e9nov\u00e9 en combinant des \u00e9l\u00e9ments historiques de la maison avec des d\u00e9tails modernes\",\"breadcrumb\":{\"@id\":\"https:\\\/\\\/www.casantospirito.it\\\/fr\\\/chambres\\\/suite\\\/#breadcrumb\"},\"inLanguage\":\"fr-FR\",\"potentialAction\":[{\"@type\":\"ReadAction\",\"target\":[\"https:\\\/\\\/www.casantospirito.it\\\/fr\\\/chambres\\\/suite\\\/\"]}]},{\"@type\":\"BreadcrumbList\",\"@id\":\"https:\\\/\\\/www.casantospirito.it\\\/fr\\\/chambres\\\/suite\\\/#breadcrumb\",\"itemListElement\":[{\"@type\":\"ListItem\",\"position\":1,\"name\":\"Home\",\"item\":\"https:\\\/\\\/www.casantospirito.it\\\/fr\\\/\"},{\"@type\":\"ListItem\",\"position\":2,\"name\":\"Chambres\",\"item\":\"https:\\\/\\\/www.casantospirito.it\\\/fr\\\/stanze\\\/\"},{\"@type\":\"ListItem\",\"position\":3,\"name\":\"Suite\"}]},{\"@type\":\"WebSite\",\"@id\":\"https:\\\/\\\/www.casantospirito.it\\\/fr\\\/#website\",\"url\":\"https:\\\/\\\/www.casantospirito.it\\\/fr\\\/\",\"name\":\"B&B C\u00e0 Santo Spirito\",\"description\":\"\",\"publisher\":{\"@id\":\"https:\\\/\\\/www.casantospirito.it\\\/fr\\\/#organization\"},\"potentialAction\":[{\"@type\":\"SearchAction\",\"target\":{\"@type\":\"EntryPoint\",\"urlTemplate\":\"https:\\\/\\\/www.casantospirito.it\\\/fr\\\/?s={search_term_string}\"},\"query-input\":{\"@type\":\"PropertyValueSpecification\",\"valueRequired\":true,\"valueName\":\"search_term_string\"}}],\"inLanguage\":\"fr-FR\"},{\"@type\":\"Organization\",\"@id\":\"https:\\\/\\\/www.casantospirito.it\\\/fr\\\/#organization\",\"name\":\"B&B C\u00e0 Santo Spirito\",\"url\":\"https:\\\/\\\/www.casantospirito.it\\\/fr\\\/\",\"logo\":{\"@type\":\"ImageObject\",\"inLanguage\":\"fr-FR\",\"@id\":\"https:\\\/\\\/www.casantospirito.it\\\/fr\\\/#\\\/schema\\\/logo\\\/image\\\/\",\"url\":\"https:\\\/\\\/ca-santo-spirito.ms2.decms.eu\\\/wp-content\\\/uploads\\\/sites\\\/187\\\/2025\\\/02\\\/casantospirito_logo_r.svg\",\"contentUrl\":\"https:\\\/\\\/ca-santo-spirito.ms2.decms.eu\\\/wp-content\\\/uploads\\\/sites\\\/187\\\/2025\\\/02\\\/casantospirito_logo_r.svg\",\"width\":435,\"height\":529,\"caption\":\"B&B C\u00e0 Santo Spirito\"},\"image\":{\"@id\":\"https:\\\/\\\/www.casantospirito.it\\\/fr\\\/#\\\/schema\\\/logo\\\/image\\\/\"}}]}<\/script>\n<!-- \/ Yoast SEO plugin. -->","yoast_head_json":{"title":"Suite &#183; B&amp;B C\u00e0 Santo Spirito &#183;","description":"La Suite de C\u00e0 Santo Spirito se trouve au troisi\u00e8me et dernier \u00e9tage, accessible uniquement par les escaliers, avec un acc\u00e8s priv\u00e9 garantissant intimit\u00e9 et confidentialit\u00e9. L'appartement a \u00e9t\u00e9 r\u00e9cemment r\u00e9nov\u00e9 en combinant des \u00e9l\u00e9ments historiques de la maison avec des d\u00e9tails modernes","robots":{"index":"index","follow":"follow","max-snippet":"max-snippet:-1","max-image-preview":"max-image-preview:large","max-video-preview":"max-video-preview:-1"},"canonical":"https:\/\/www.casantospirito.it\/fr\/chambres\/suite\/","og_locale":"fr_FR","og_type":"article","og_title":"Suite &#183; B&amp;B C\u00e0 Santo Spirito &#183;","og_description":"La Suite de C\u00e0 Santo Spirito se trouve au troisi\u00e8me et dernier \u00e9tage, accessible uniquement par les escaliers, avec un acc\u00e8s priv\u00e9 garantissant intimit\u00e9 et confidentialit\u00e9. L'appartement a \u00e9t\u00e9 r\u00e9cemment r\u00e9nov\u00e9 en combinant des \u00e9l\u00e9ments historiques de la maison avec des d\u00e9tails modernes","og_url":"https:\/\/www.casantospirito.it\/fr\/chambres\/suite\/","og_site_name":"B&amp;B C\u00e0 Santo Spirito","article_modified_time":"2025-07-29T15:23:53+00:00","og_image":[{"width":2200,"height":1200,"url":"https:\/\/ca-santo-spirito.ms2.decms.eu\/wp-content\/uploads\/sites\/187\/2025\/09\/ca_dell_arte_venice_slide_01.jpg","type":"image\/jpeg"}],"twitter_card":"summary_large_image","twitter_misc":{"Dur\u00e9e de lecture estim\u00e9e":"1 minute"},"schema":{"@context":"https:\/\/schema.org","@graph":[{"@type":"WebPage","@id":"https:\/\/www.casantospirito.it\/fr\/chambres\/suite\/","url":"https:\/\/www.casantospirito.it\/fr\/chambres\/suite\/","name":"Suite &#183; B&amp;B C\u00e0 Santo Spirito &#183;","isPartOf":{"@id":"https:\/\/www.casantospirito.it\/fr\/#website"},"datePublished":"2024-11-26T15:45:31+00:00","dateModified":"2025-07-29T15:23:53+00:00","description":"La Suite de C\u00e0 Santo Spirito se trouve au troisi\u00e8me et dernier \u00e9tage, accessible uniquement par les escaliers, avec un acc\u00e8s priv\u00e9 garantissant intimit\u00e9 et confidentialit\u00e9. L'appartement a \u00e9t\u00e9 r\u00e9cemment r\u00e9nov\u00e9 en combinant des \u00e9l\u00e9ments historiques de la maison avec des d\u00e9tails modernes","breadcrumb":{"@id":"https:\/\/www.casantospirito.it\/fr\/chambres\/suite\/#breadcrumb"},"inLanguage":"fr-FR","potentialAction":[{"@type":"ReadAction","target":["https:\/\/www.casantospirito.it\/fr\/chambres\/suite\/"]}]},{"@type":"BreadcrumbList","@id":"https:\/\/www.casantospirito.it\/fr\/chambres\/suite\/#breadcrumb","itemListElement":[{"@type":"ListItem","position":1,"name":"Home","item":"https:\/\/www.casantospirito.it\/fr\/"},{"@type":"ListItem","position":2,"name":"Chambres","item":"https:\/\/www.casantospirito.it\/fr\/stanze\/"},{"@type":"ListItem","position":3,"name":"Suite"}]},{"@type":"WebSite","@id":"https:\/\/www.casantospirito.it\/fr\/#website","url":"https:\/\/www.casantospirito.it\/fr\/","name":"B&B C\u00e0 Santo Spirito","description":"","publisher":{"@id":"https:\/\/www.casantospirito.it\/fr\/#organization"},"potentialAction":[{"@type":"SearchAction","target":{"@type":"EntryPoint","urlTemplate":"https:\/\/www.casantospirito.it\/fr\/?s={search_term_string}"},"query-input":{"@type":"PropertyValueSpecification","valueRequired":true,"valueName":"search_term_string"}}],"inLanguage":"fr-FR"},{"@type":"Organization","@id":"https:\/\/www.casantospirito.it\/fr\/#organization","name":"B&B C\u00e0 Santo Spirito","url":"https:\/\/www.casantospirito.it\/fr\/","logo":{"@type":"ImageObject","inLanguage":"fr-FR","@id":"https:\/\/www.casantospirito.it\/fr\/#\/schema\/logo\/image\/","url":"https:\/\/ca-santo-spirito.ms2.decms.eu\/wp-content\/uploads\/sites\/187\/2025\/02\/casantospirito_logo_r.svg","contentUrl":"https:\/\/ca-santo-spirito.ms2.decms.eu\/wp-content\/uploads\/sites\/187\/2025\/02\/casantospirito_logo_r.svg","width":435,"height":529,"caption":"B&B C\u00e0 Santo Spirito"},"image":{"@id":"https:\/\/www.casantospirito.it\/fr\/#\/schema\/logo\/image\/"}}]}},"acf":[],"_links":{"self":[{"href":"https:\/\/www.casantospirito.it\/fr\/wp-json\/wp\/v2\/pages\/310","targetHints":{"allow":["GET"]}}],"collection":[{"href":"https:\/\/www.casantospirito.it\/fr\/wp-json\/wp\/v2\/pages"}],"about":[{"href":"https:\/\/www.casantospirito.it\/fr\/wp-json\/wp\/v2\/types\/page"}],"author":[{"embeddable":true,"href":"https:\/\/www.casantospirito.it\/fr\/wp-json\/wp\/v2\/users\/26"}],"replies":[{"embeddable":true,"href":"https:\/\/www.casantospirito.it\/fr\/wp-json\/wp\/v2\/comments?post=310"}],"version-history":[{"count":0,"href":"https:\/\/www.casantospirito.it\/fr\/wp-json\/wp\/v2\/pages\/310\/revisions"}],"up":[{"embeddable":true,"href":"https:\/\/www.casantospirito.it\/fr\/wp-json\/wp\/v2\/pages\/300"}],"wp:attachment":[{"href":"https:\/\/www.casantospirito.it\/fr\/wp-json\/wp\/v2\/media?parent=310"}],"curies":[{"name":"wp","href":"https:\/\/api.w.org\/{rel}","templated":true}]}}