{"id":305,"date":"2025-02-12T17:20:26","date_gmt":"2025-02-12T16:20:26","guid":{"rendered":"https:\/\/ca-santo-spirito.ms2.decms.eu\/?page_id=305"},"modified":"2025-07-29T17:21:10","modified_gmt":"2025-07-29T15:21:10","slug":"chambres-superieures","status":"publish","type":"page","link":"https:\/\/www.casantospirito.it\/fr\/chambres\/chambres-superieures\/","title":{"rendered":"Chambres Sup\u00e9rieures"},"content":{"rendered":"<p>Les chambres sup\u00e9rieures de C\u00e0 Santo Spirito offrent un cadre \u00e9l\u00e9gant, accueillant et lumineux. Tous les lits sont de taille Queen Size, avec des matelas orthop\u00e9diques, des oreillers et des couvertures en mat\u00e9riaux hypoallerg\u00e9niques pour garantir un confort optimal.<\/p>\n<p>Chaque chambre dispose d&rsquo;une salle de bains privative, de la climatisation, du Wi-Fi gratuit, d&rsquo;une smart TV pour vos cha\u00eenes de streaming pr\u00e9f\u00e9r\u00e9es, d&rsquo;une bouilloire avec du th\u00e9 et du caf\u00e9, d&rsquo;un coffre-fort et d&rsquo;un fer \u00e0 repasser. Profitez du confort de nos chambres apr\u00e8s une longue journ\u00e9e pass\u00e9e \u00e0 explorer les ruelles de la ville ou \u00e0 admirer la beaut\u00e9 des mus\u00e9es v\u00e9nitiens.<\/p>\n","protected":false},"excerpt":{"rendered":"<p>Les chambres sup\u00e9rieures de C\u00e0 Santo Spirito offrent un cadre \u00e9l\u00e9gant, accueillant et lumineux. Tous les lits sont de taille Queen Size, avec des matelas orthop\u00e9diques, des oreillers et des couvertures en mat\u00e9riaux hypoallerg\u00e9niques pour garantir un confort optimal. Chaque chambre dispose d&rsquo;une salle de bains privative, de la climatisation, du Wi-Fi gratuit, d&rsquo;une smart [&hellip;]<\/p>\n","protected":false},"author":26,"featured_media":0,"parent":300,"menu_order":10,"comment_status":"closed","ping_status":"closed","template":"template-single-room.php","meta":{"footnotes":""},"class_list":["post-305","page","type-page","status-publish","hentry"],"yoast_head":"<!-- This site is optimized with the Yoast SEO plugin v27.3 - https:\/\/yoast.com\/product\/yoast-seo-wordpress\/ -->\n<title>Chambres Sup\u00e9rieures &#183; B&amp;B C\u00e0 Santo Spirito &#183;<\/title>\n<meta name=\"description\" content=\"Les chambres sup\u00e9rieures de C\u00e0 Santo Spirito offrent un cadre \u00e9l\u00e9gant, accueillant et lumineux. Tous les lits sont de taille Queen Size, avec des matelas orthop\u00e9diques, des oreillers et des couvertures en mat\u00e9riaux hypoallerg\u00e9niques pour garantir un confort optimal.  Chaque chambre dispose d&#039;une salle de bains privative, de la climatisation, du Wi-Fi gratuit, d&#039;une smart TV pour vos cha\u00eenes de streaming pr\u00e9f\u00e9r\u00e9es, d&#039;une bouilloire avec du th\u00e9 et du caf\u00e9, d&#039;un coffre-fort et d&#039;un fer \u00e0 repasser\" \/>\n<meta name=\"robots\" content=\"index, follow, max-snippet:-1, max-image-preview:large, max-video-preview:-1\" \/>\n<link rel=\"canonical\" href=\"https:\/\/www.casantospirito.it\/fr\/chambres\/chambres-superieures\/\" \/>\n<meta property=\"og:locale\" content=\"fr_FR\" \/>\n<meta property=\"og:type\" content=\"article\" \/>\n<meta property=\"og:title\" content=\"Chambres Sup\u00e9rieures &#183; B&amp;B C\u00e0 Santo Spirito &#183;\" \/>\n<meta property=\"og:description\" content=\"Les chambres sup\u00e9rieures de C\u00e0 Santo Spirito offrent un cadre \u00e9l\u00e9gant, accueillant et lumineux. Tous les lits sont de taille Queen Size, avec des matelas orthop\u00e9diques, des oreillers et des couvertures en mat\u00e9riaux hypoallerg\u00e9niques pour garantir un confort optimal.  Chaque chambre dispose d&#039;une salle de bains privative, de la climatisation, du Wi-Fi gratuit, d&#039;une smart TV pour vos cha\u00eenes de streaming pr\u00e9f\u00e9r\u00e9es, d&#039;une bouilloire avec du th\u00e9 et du caf\u00e9, d&#039;un coffre-fort et d&#039;un fer \u00e0 repasser\" \/>\n<meta property=\"og:url\" content=\"https:\/\/www.casantospirito.it\/fr\/chambres\/chambres-superieures\/\" \/>\n<meta property=\"og:site_name\" content=\"B&amp;B C\u00e0 Santo Spirito\" \/>\n<meta property=\"article:modified_time\" content=\"2025-07-29T15:21:10+00:00\" \/>\n<meta property=\"og:image\" content=\"https:\/\/ca-santo-spirito.ms2.decms.eu\/wp-content\/uploads\/sites\/187\/2025\/09\/ca_dell_arte_venice_slide_01.jpg\" \/>\n\t<meta property=\"og:image:width\" content=\"2200\" \/>\n\t<meta property=\"og:image:height\" content=\"1200\" \/>\n\t<meta property=\"og:image:type\" content=\"image\/jpeg\" \/>\n<meta name=\"twitter:card\" content=\"summary_large_image\" \/>\n<meta name=\"twitter:label1\" content=\"Dur\u00e9e de lecture estim\u00e9e\" \/>\n\t<meta name=\"twitter:data1\" content=\"1 minute\" \/>\n<script type=\"application\/ld+json\" class=\"yoast-schema-graph\">{\"@context\":\"https:\\\/\\\/schema.org\",\"@graph\":[{\"@type\":\"WebPage\",\"@id\":\"https:\\\/\\\/www.casantospirito.it\\\/fr\\\/chambres\\\/chambres-superieures\\\/\",\"url\":\"https:\\\/\\\/www.casantospirito.it\\\/fr\\\/chambres\\\/chambres-superieures\\\/\",\"name\":\"Chambres Sup\u00e9rieures &#183; B&amp;B C\u00e0 Santo Spirito &#183;\",\"isPartOf\":{\"@id\":\"https:\\\/\\\/www.casantospirito.it\\\/fr\\\/#website\"},\"datePublished\":\"2025-02-12T16:20:26+00:00\",\"dateModified\":\"2025-07-29T15:21:10+00:00\",\"description\":\"Les chambres sup\u00e9rieures de C\u00e0 Santo Spirito offrent un cadre \u00e9l\u00e9gant, accueillant et lumineux. Tous les lits sont de taille Queen Size, avec des matelas orthop\u00e9diques, des oreillers et des couvertures en mat\u00e9riaux hypoallerg\u00e9niques pour garantir un confort optimal. Chaque chambre dispose d'une salle de bains privative, de la climatisation, du Wi-Fi gratuit, d'une smart TV pour vos cha\u00eenes de streaming pr\u00e9f\u00e9r\u00e9es, d'une bouilloire avec du th\u00e9 et du caf\u00e9, d'un coffre-fort et d'un fer \u00e0 repasser\",\"breadcrumb\":{\"@id\":\"https:\\\/\\\/www.casantospirito.it\\\/fr\\\/chambres\\\/chambres-superieures\\\/#breadcrumb\"},\"inLanguage\":\"fr-FR\",\"potentialAction\":[{\"@type\":\"ReadAction\",\"target\":[\"https:\\\/\\\/www.casantospirito.it\\\/fr\\\/chambres\\\/chambres-superieures\\\/\"]}]},{\"@type\":\"BreadcrumbList\",\"@id\":\"https:\\\/\\\/www.casantospirito.it\\\/fr\\\/chambres\\\/chambres-superieures\\\/#breadcrumb\",\"itemListElement\":[{\"@type\":\"ListItem\",\"position\":1,\"name\":\"Home\",\"item\":\"https:\\\/\\\/www.casantospirito.it\\\/fr\\\/\"},{\"@type\":\"ListItem\",\"position\":2,\"name\":\"Chambres\",\"item\":\"https:\\\/\\\/www.casantospirito.it\\\/fr\\\/stanze\\\/\"},{\"@type\":\"ListItem\",\"position\":3,\"name\":\"Chambres Sup\u00e9rieures\"}]},{\"@type\":\"WebSite\",\"@id\":\"https:\\\/\\\/www.casantospirito.it\\\/fr\\\/#website\",\"url\":\"https:\\\/\\\/www.casantospirito.it\\\/fr\\\/\",\"name\":\"B&B C\u00e0 Santo Spirito\",\"description\":\"\",\"publisher\":{\"@id\":\"https:\\\/\\\/www.casantospirito.it\\\/fr\\\/#organization\"},\"potentialAction\":[{\"@type\":\"SearchAction\",\"target\":{\"@type\":\"EntryPoint\",\"urlTemplate\":\"https:\\\/\\\/www.casantospirito.it\\\/fr\\\/?s={search_term_string}\"},\"query-input\":{\"@type\":\"PropertyValueSpecification\",\"valueRequired\":true,\"valueName\":\"search_term_string\"}}],\"inLanguage\":\"fr-FR\"},{\"@type\":\"Organization\",\"@id\":\"https:\\\/\\\/www.casantospirito.it\\\/fr\\\/#organization\",\"name\":\"B&B C\u00e0 Santo Spirito\",\"url\":\"https:\\\/\\\/www.casantospirito.it\\\/fr\\\/\",\"logo\":{\"@type\":\"ImageObject\",\"inLanguage\":\"fr-FR\",\"@id\":\"https:\\\/\\\/www.casantospirito.it\\\/fr\\\/#\\\/schema\\\/logo\\\/image\\\/\",\"url\":\"https:\\\/\\\/ca-santo-spirito.ms2.decms.eu\\\/wp-content\\\/uploads\\\/sites\\\/187\\\/2025\\\/02\\\/casantospirito_logo_r.svg\",\"contentUrl\":\"https:\\\/\\\/ca-santo-spirito.ms2.decms.eu\\\/wp-content\\\/uploads\\\/sites\\\/187\\\/2025\\\/02\\\/casantospirito_logo_r.svg\",\"width\":435,\"height\":529,\"caption\":\"B&B C\u00e0 Santo Spirito\"},\"image\":{\"@id\":\"https:\\\/\\\/www.casantospirito.it\\\/fr\\\/#\\\/schema\\\/logo\\\/image\\\/\"}}]}<\/script>\n<!-- \/ Yoast SEO plugin. -->","yoast_head_json":{"title":"Chambres Sup\u00e9rieures &#183; B&amp;B C\u00e0 Santo Spirito &#183;","description":"Les chambres sup\u00e9rieures de C\u00e0 Santo Spirito offrent un cadre \u00e9l\u00e9gant, accueillant et lumineux. Tous les lits sont de taille Queen Size, avec des matelas orthop\u00e9diques, des oreillers et des couvertures en mat\u00e9riaux hypoallerg\u00e9niques pour garantir un confort optimal.  Chaque chambre dispose d'une salle de bains privative, de la climatisation, du Wi-Fi gratuit, d'une smart TV pour vos cha\u00eenes de streaming pr\u00e9f\u00e9r\u00e9es, d'une bouilloire avec du th\u00e9 et du caf\u00e9, d'un coffre-fort et d'un fer \u00e0 repasser","robots":{"index":"index","follow":"follow","max-snippet":"max-snippet:-1","max-image-preview":"max-image-preview:large","max-video-preview":"max-video-preview:-1"},"canonical":"https:\/\/www.casantospirito.it\/fr\/chambres\/chambres-superieures\/","og_locale":"fr_FR","og_type":"article","og_title":"Chambres Sup\u00e9rieures &#183; B&amp;B C\u00e0 Santo Spirito &#183;","og_description":"Les chambres sup\u00e9rieures de C\u00e0 Santo Spirito offrent un cadre \u00e9l\u00e9gant, accueillant et lumineux. Tous les lits sont de taille Queen Size, avec des matelas orthop\u00e9diques, des oreillers et des couvertures en mat\u00e9riaux hypoallerg\u00e9niques pour garantir un confort optimal.  Chaque chambre dispose d'une salle de bains privative, de la climatisation, du Wi-Fi gratuit, d'une smart TV pour vos cha\u00eenes de streaming pr\u00e9f\u00e9r\u00e9es, d'une bouilloire avec du th\u00e9 et du caf\u00e9, d'un coffre-fort et d'un fer \u00e0 repasser","og_url":"https:\/\/www.casantospirito.it\/fr\/chambres\/chambres-superieures\/","og_site_name":"B&amp;B C\u00e0 Santo Spirito","article_modified_time":"2025-07-29T15:21:10+00:00","og_image":[{"width":2200,"height":1200,"url":"https:\/\/ca-santo-spirito.ms2.decms.eu\/wp-content\/uploads\/sites\/187\/2025\/09\/ca_dell_arte_venice_slide_01.jpg","type":"image\/jpeg"}],"twitter_card":"summary_large_image","twitter_misc":{"Dur\u00e9e de lecture estim\u00e9e":"1 minute"},"schema":{"@context":"https:\/\/schema.org","@graph":[{"@type":"WebPage","@id":"https:\/\/www.casantospirito.it\/fr\/chambres\/chambres-superieures\/","url":"https:\/\/www.casantospirito.it\/fr\/chambres\/chambres-superieures\/","name":"Chambres Sup\u00e9rieures &#183; B&amp;B C\u00e0 Santo Spirito &#183;","isPartOf":{"@id":"https:\/\/www.casantospirito.it\/fr\/#website"},"datePublished":"2025-02-12T16:20:26+00:00","dateModified":"2025-07-29T15:21:10+00:00","description":"Les chambres sup\u00e9rieures de C\u00e0 Santo Spirito offrent un cadre \u00e9l\u00e9gant, accueillant et lumineux. Tous les lits sont de taille Queen Size, avec des matelas orthop\u00e9diques, des oreillers et des couvertures en mat\u00e9riaux hypoallerg\u00e9niques pour garantir un confort optimal. Chaque chambre dispose d'une salle de bains privative, de la climatisation, du Wi-Fi gratuit, d'une smart TV pour vos cha\u00eenes de streaming pr\u00e9f\u00e9r\u00e9es, d'une bouilloire avec du th\u00e9 et du caf\u00e9, d'un coffre-fort et d'un fer \u00e0 repasser","breadcrumb":{"@id":"https:\/\/www.casantospirito.it\/fr\/chambres\/chambres-superieures\/#breadcrumb"},"inLanguage":"fr-FR","potentialAction":[{"@type":"ReadAction","target":["https:\/\/www.casantospirito.it\/fr\/chambres\/chambres-superieures\/"]}]},{"@type":"BreadcrumbList","@id":"https:\/\/www.casantospirito.it\/fr\/chambres\/chambres-superieures\/#breadcrumb","itemListElement":[{"@type":"ListItem","position":1,"name":"Home","item":"https:\/\/www.casantospirito.it\/fr\/"},{"@type":"ListItem","position":2,"name":"Chambres","item":"https:\/\/www.casantospirito.it\/fr\/stanze\/"},{"@type":"ListItem","position":3,"name":"Chambres Sup\u00e9rieures"}]},{"@type":"WebSite","@id":"https:\/\/www.casantospirito.it\/fr\/#website","url":"https:\/\/www.casantospirito.it\/fr\/","name":"B&B C\u00e0 Santo Spirito","description":"","publisher":{"@id":"https:\/\/www.casantospirito.it\/fr\/#organization"},"potentialAction":[{"@type":"SearchAction","target":{"@type":"EntryPoint","urlTemplate":"https:\/\/www.casantospirito.it\/fr\/?s={search_term_string}"},"query-input":{"@type":"PropertyValueSpecification","valueRequired":true,"valueName":"search_term_string"}}],"inLanguage":"fr-FR"},{"@type":"Organization","@id":"https:\/\/www.casantospirito.it\/fr\/#organization","name":"B&B C\u00e0 Santo Spirito","url":"https:\/\/www.casantospirito.it\/fr\/","logo":{"@type":"ImageObject","inLanguage":"fr-FR","@id":"https:\/\/www.casantospirito.it\/fr\/#\/schema\/logo\/image\/","url":"https:\/\/ca-santo-spirito.ms2.decms.eu\/wp-content\/uploads\/sites\/187\/2025\/02\/casantospirito_logo_r.svg","contentUrl":"https:\/\/ca-santo-spirito.ms2.decms.eu\/wp-content\/uploads\/sites\/187\/2025\/02\/casantospirito_logo_r.svg","width":435,"height":529,"caption":"B&B C\u00e0 Santo Spirito"},"image":{"@id":"https:\/\/www.casantospirito.it\/fr\/#\/schema\/logo\/image\/"}}]}},"acf":[],"_links":{"self":[{"href":"https:\/\/www.casantospirito.it\/fr\/wp-json\/wp\/v2\/pages\/305","targetHints":{"allow":["GET"]}}],"collection":[{"href":"https:\/\/www.casantospirito.it\/fr\/wp-json\/wp\/v2\/pages"}],"about":[{"href":"https:\/\/www.casantospirito.it\/fr\/wp-json\/wp\/v2\/types\/page"}],"author":[{"embeddable":true,"href":"https:\/\/www.casantospirito.it\/fr\/wp-json\/wp\/v2\/users\/26"}],"replies":[{"embeddable":true,"href":"https:\/\/www.casantospirito.it\/fr\/wp-json\/wp\/v2\/comments?post=305"}],"version-history":[{"count":0,"href":"https:\/\/www.casantospirito.it\/fr\/wp-json\/wp\/v2\/pages\/305\/revisions"}],"up":[{"embeddable":true,"href":"https:\/\/www.casantospirito.it\/fr\/wp-json\/wp\/v2\/pages\/300"}],"wp:attachment":[{"href":"https:\/\/www.casantospirito.it\/fr\/wp-json\/wp\/v2\/media?parent=305"}],"curies":[{"name":"wp","href":"https:\/\/api.w.org\/{rel}","templated":true}]}}