{"id":367,"date":"2025-02-12T14:59:02","date_gmt":"2025-02-12T13:59:02","guid":{"rendered":"https:\/\/ca-santo-spirito.ms2.decms.eu\/?page_id=367"},"modified":"2025-07-29T18:18:59","modified_gmt":"2025-07-29T16:18:59","slug":"umgebung","status":"publish","type":"page","link":"https:\/\/www.casantospirito.it\/de\/wo-wir-sind\/umgebung\/","title":{"rendered":"Umgebung"},"content":{"rendered":"<p>Palazzo Saloni befindet sich in einer ganz besonderen Lage im bohemiensten Stadtteil von Venedig, in einer breiten und ruhigen Gasse, die dem Massentourismus unbekannt bleibt, im Herzen dessen, was als Dorsoduro Art Mile bezeichnet wird. Diese Gegend, die sich von Punta della Dogana bis zur Accademia erstreckt und etwa einen Meilen lang ist, beherbergt au\u00dfergew\u00f6hnliche private und st\u00e4dtische Museen, zahlreiche Werkst\u00e4tten von Malern, Bildhauern und Handwerkern aus Glas und Holz&#8230; ein Labyrinth aus Gassen und Kunst.<\/p>\n","protected":false},"excerpt":{"rendered":"<p>Palazzo Saloni befindet sich in einer ganz besonderen Lage im bohemiensten Stadtteil von Venedig, in einer breiten und ruhigen Gasse, die dem Massentourismus unbekannt bleibt, im Herzen dessen, was als Dorsoduro Art Mile bezeichnet wird. Diese Gegend, die sich von Punta della Dogana bis zur Accademia erstreckt und etwa einen Meilen lang ist, beherbergt au\u00dfergew\u00f6hnliche [&hellip;]<\/p>\n","protected":false},"author":26,"featured_media":0,"parent":332,"menu_order":10,"comment_status":"closed","ping_status":"closed","template":"template-surroundings.php","meta":{"footnotes":""},"class_list":["post-367","page","type-page","status-publish","hentry"],"yoast_head":"<!-- This site is optimized with the Yoast SEO plugin v27.3 - https:\/\/yoast.com\/product\/yoast-seo-wordpress\/ -->\n<title>Umgebung &#183; B&amp;B C\u00e0 Santo Spirito &#183;<\/title>\n<meta name=\"description\" content=\"Palazzo Saloni befindet sich in einer ganz besonderen Lage im bohemiensten Stadtteil von Venedig, in einer breiten und ruhigen Gasse, die dem Massentourismus unbekannt bleibt, im Herzen dessen, was als Dorsoduro Art Mile bezeichnet wird. Diese Gegend, die sich von Punta della Dogana bis zur Accademia erstreckt und etwa einen Meilen lang ist, beherbergt au\u00dfergew\u00f6hnliche private und st\u00e4dtische Museen, zahlreiche Werkst\u00e4tten von Malern, Bildhauern und Handwerkern aus Glas und Holz..\" \/>\n<meta name=\"robots\" content=\"index, follow, max-snippet:-1, max-image-preview:large, max-video-preview:-1\" \/>\n<link rel=\"canonical\" href=\"https:\/\/www.casantospirito.it\/de\/wo-wir-sind\/umgebung\/\" \/>\n<meta property=\"og:locale\" content=\"de_DE\" \/>\n<meta property=\"og:type\" content=\"article\" \/>\n<meta property=\"og:title\" content=\"Umgebung &#183; B&amp;B C\u00e0 Santo Spirito &#183;\" \/>\n<meta property=\"og:description\" content=\"Palazzo Saloni befindet sich in einer ganz besonderen Lage im bohemiensten Stadtteil von Venedig, in einer breiten und ruhigen Gasse, die dem Massentourismus unbekannt bleibt, im Herzen dessen, was als Dorsoduro Art Mile bezeichnet wird. Diese Gegend, die sich von Punta della Dogana bis zur Accademia erstreckt und etwa einen Meilen lang ist, beherbergt au\u00dfergew\u00f6hnliche private und st\u00e4dtische Museen, zahlreiche Werkst\u00e4tten von Malern, Bildhauern und Handwerkern aus Glas und Holz..\" \/>\n<meta property=\"og:url\" content=\"https:\/\/www.casantospirito.it\/de\/wo-wir-sind\/umgebung\/\" \/>\n<meta property=\"og:site_name\" content=\"B&amp;B C\u00e0 Santo Spirito\" \/>\n<meta property=\"article:modified_time\" content=\"2025-07-29T16:18:59+00:00\" \/>\n<meta property=\"og:image\" content=\"https:\/\/ca-santo-spirito.ms2.decms.eu\/wp-content\/uploads\/sites\/187\/2025\/09\/ca_dell_arte_venice_slide_01.jpg\" \/>\n\t<meta property=\"og:image:width\" content=\"2200\" \/>\n\t<meta property=\"og:image:height\" content=\"1200\" \/>\n\t<meta property=\"og:image:type\" content=\"image\/jpeg\" \/>\n<meta name=\"twitter:card\" content=\"summary_large_image\" \/>\n<meta name=\"twitter:label1\" content=\"Gesch\u00e4tzte Lesezeit\" \/>\n\t<meta name=\"twitter:data1\" content=\"1 Minute\" \/>\n<script type=\"application\/ld+json\" class=\"yoast-schema-graph\">{\"@context\":\"https:\\\/\\\/schema.org\",\"@graph\":[{\"@type\":\"WebPage\",\"@id\":\"https:\\\/\\\/www.casantospirito.it\\\/de\\\/wo-wir-sind\\\/umgebung\\\/\",\"url\":\"https:\\\/\\\/www.casantospirito.it\\\/de\\\/wo-wir-sind\\\/umgebung\\\/\",\"name\":\"Umgebung &#183; B&amp;B C\u00e0 Santo Spirito &#183;\",\"isPartOf\":{\"@id\":\"https:\\\/\\\/www.casantospirito.it\\\/de\\\/#website\"},\"datePublished\":\"2025-02-12T13:59:02+00:00\",\"dateModified\":\"2025-07-29T16:18:59+00:00\",\"description\":\"Palazzo Saloni befindet sich in einer ganz besonderen Lage im bohemiensten Stadtteil von Venedig, in einer breiten und ruhigen Gasse, die dem Massentourismus unbekannt bleibt, im Herzen dessen, was als Dorsoduro Art Mile bezeichnet wird. Diese Gegend, die sich von Punta della Dogana bis zur Accademia erstreckt und etwa einen Meilen lang ist, beherbergt au\u00dfergew\u00f6hnliche private und st\u00e4dtische Museen, zahlreiche Werkst\u00e4tten von Malern, Bildhauern und Handwerkern aus Glas und Holz..\",\"breadcrumb\":{\"@id\":\"https:\\\/\\\/www.casantospirito.it\\\/de\\\/wo-wir-sind\\\/umgebung\\\/#breadcrumb\"},\"inLanguage\":\"de-DE\",\"potentialAction\":[{\"@type\":\"ReadAction\",\"target\":[\"https:\\\/\\\/www.casantospirito.it\\\/de\\\/wo-wir-sind\\\/umgebung\\\/\"]}]},{\"@type\":\"BreadcrumbList\",\"@id\":\"https:\\\/\\\/www.casantospirito.it\\\/de\\\/wo-wir-sind\\\/umgebung\\\/#breadcrumb\",\"itemListElement\":[{\"@type\":\"ListItem\",\"position\":1,\"name\":\"Home\",\"item\":\"https:\\\/\\\/www.casantospirito.it\\\/de\\\/\"},{\"@type\":\"ListItem\",\"position\":2,\"name\":\"Wo wir sind\",\"item\":\"https:\\\/\\\/www.casantospirito.it\\\/de\\\/wo-wir-sind\\\/\"},{\"@type\":\"ListItem\",\"position\":3,\"name\":\"Umgebung\"}]},{\"@type\":\"WebSite\",\"@id\":\"https:\\\/\\\/www.casantospirito.it\\\/de\\\/#website\",\"url\":\"https:\\\/\\\/www.casantospirito.it\\\/de\\\/\",\"name\":\"B&B C\u00e0 Santo Spirito\",\"description\":\"\",\"publisher\":{\"@id\":\"https:\\\/\\\/www.casantospirito.it\\\/de\\\/#organization\"},\"potentialAction\":[{\"@type\":\"SearchAction\",\"target\":{\"@type\":\"EntryPoint\",\"urlTemplate\":\"https:\\\/\\\/www.casantospirito.it\\\/de\\\/?s={search_term_string}\"},\"query-input\":{\"@type\":\"PropertyValueSpecification\",\"valueRequired\":true,\"valueName\":\"search_term_string\"}}],\"inLanguage\":\"de-DE\"},{\"@type\":\"Organization\",\"@id\":\"https:\\\/\\\/www.casantospirito.it\\\/de\\\/#organization\",\"name\":\"B&B C\u00e0 Santo Spirito\",\"url\":\"https:\\\/\\\/www.casantospirito.it\\\/de\\\/\",\"logo\":{\"@type\":\"ImageObject\",\"inLanguage\":\"de-DE\",\"@id\":\"https:\\\/\\\/www.casantospirito.it\\\/de\\\/#\\\/schema\\\/logo\\\/image\\\/\",\"url\":\"https:\\\/\\\/ca-santo-spirito.ms2.decms.eu\\\/wp-content\\\/uploads\\\/sites\\\/187\\\/2025\\\/02\\\/casantospirito_logo_r.svg\",\"contentUrl\":\"https:\\\/\\\/ca-santo-spirito.ms2.decms.eu\\\/wp-content\\\/uploads\\\/sites\\\/187\\\/2025\\\/02\\\/casantospirito_logo_r.svg\",\"width\":435,\"height\":529,\"caption\":\"B&B C\u00e0 Santo Spirito\"},\"image\":{\"@id\":\"https:\\\/\\\/www.casantospirito.it\\\/de\\\/#\\\/schema\\\/logo\\\/image\\\/\"}}]}<\/script>\n<!-- \/ Yoast SEO plugin. -->","yoast_head_json":{"title":"Umgebung &#183; B&amp;B C\u00e0 Santo Spirito &#183;","description":"Palazzo Saloni befindet sich in einer ganz besonderen Lage im bohemiensten Stadtteil von Venedig, in einer breiten und ruhigen Gasse, die dem Massentourismus unbekannt bleibt, im Herzen dessen, was als Dorsoduro Art Mile bezeichnet wird. Diese Gegend, die sich von Punta della Dogana bis zur Accademia erstreckt und etwa einen Meilen lang ist, beherbergt au\u00dfergew\u00f6hnliche private und st\u00e4dtische Museen, zahlreiche Werkst\u00e4tten von Malern, Bildhauern und Handwerkern aus Glas und Holz..","robots":{"index":"index","follow":"follow","max-snippet":"max-snippet:-1","max-image-preview":"max-image-preview:large","max-video-preview":"max-video-preview:-1"},"canonical":"https:\/\/www.casantospirito.it\/de\/wo-wir-sind\/umgebung\/","og_locale":"de_DE","og_type":"article","og_title":"Umgebung &#183; B&amp;B C\u00e0 Santo Spirito &#183;","og_description":"Palazzo Saloni befindet sich in einer ganz besonderen Lage im bohemiensten Stadtteil von Venedig, in einer breiten und ruhigen Gasse, die dem Massentourismus unbekannt bleibt, im Herzen dessen, was als Dorsoduro Art Mile bezeichnet wird. Diese Gegend, die sich von Punta della Dogana bis zur Accademia erstreckt und etwa einen Meilen lang ist, beherbergt au\u00dfergew\u00f6hnliche private und st\u00e4dtische Museen, zahlreiche Werkst\u00e4tten von Malern, Bildhauern und Handwerkern aus Glas und Holz..","og_url":"https:\/\/www.casantospirito.it\/de\/wo-wir-sind\/umgebung\/","og_site_name":"B&amp;B C\u00e0 Santo Spirito","article_modified_time":"2025-07-29T16:18:59+00:00","og_image":[{"width":2200,"height":1200,"url":"https:\/\/ca-santo-spirito.ms2.decms.eu\/wp-content\/uploads\/sites\/187\/2025\/09\/ca_dell_arte_venice_slide_01.jpg","type":"image\/jpeg"}],"twitter_card":"summary_large_image","twitter_misc":{"Gesch\u00e4tzte Lesezeit":"1 Minute"},"schema":{"@context":"https:\/\/schema.org","@graph":[{"@type":"WebPage","@id":"https:\/\/www.casantospirito.it\/de\/wo-wir-sind\/umgebung\/","url":"https:\/\/www.casantospirito.it\/de\/wo-wir-sind\/umgebung\/","name":"Umgebung &#183; B&amp;B C\u00e0 Santo Spirito &#183;","isPartOf":{"@id":"https:\/\/www.casantospirito.it\/de\/#website"},"datePublished":"2025-02-12T13:59:02+00:00","dateModified":"2025-07-29T16:18:59+00:00","description":"Palazzo Saloni befindet sich in einer ganz besonderen Lage im bohemiensten Stadtteil von Venedig, in einer breiten und ruhigen Gasse, die dem Massentourismus unbekannt bleibt, im Herzen dessen, was als Dorsoduro Art Mile bezeichnet wird. Diese Gegend, die sich von Punta della Dogana bis zur Accademia erstreckt und etwa einen Meilen lang ist, beherbergt au\u00dfergew\u00f6hnliche private und st\u00e4dtische Museen, zahlreiche Werkst\u00e4tten von Malern, Bildhauern und Handwerkern aus Glas und Holz..","breadcrumb":{"@id":"https:\/\/www.casantospirito.it\/de\/wo-wir-sind\/umgebung\/#breadcrumb"},"inLanguage":"de-DE","potentialAction":[{"@type":"ReadAction","target":["https:\/\/www.casantospirito.it\/de\/wo-wir-sind\/umgebung\/"]}]},{"@type":"BreadcrumbList","@id":"https:\/\/www.casantospirito.it\/de\/wo-wir-sind\/umgebung\/#breadcrumb","itemListElement":[{"@type":"ListItem","position":1,"name":"Home","item":"https:\/\/www.casantospirito.it\/de\/"},{"@type":"ListItem","position":2,"name":"Wo wir sind","item":"https:\/\/www.casantospirito.it\/de\/wo-wir-sind\/"},{"@type":"ListItem","position":3,"name":"Umgebung"}]},{"@type":"WebSite","@id":"https:\/\/www.casantospirito.it\/de\/#website","url":"https:\/\/www.casantospirito.it\/de\/","name":"B&B C\u00e0 Santo Spirito","description":"","publisher":{"@id":"https:\/\/www.casantospirito.it\/de\/#organization"},"potentialAction":[{"@type":"SearchAction","target":{"@type":"EntryPoint","urlTemplate":"https:\/\/www.casantospirito.it\/de\/?s={search_term_string}"},"query-input":{"@type":"PropertyValueSpecification","valueRequired":true,"valueName":"search_term_string"}}],"inLanguage":"de-DE"},{"@type":"Organization","@id":"https:\/\/www.casantospirito.it\/de\/#organization","name":"B&B C\u00e0 Santo Spirito","url":"https:\/\/www.casantospirito.it\/de\/","logo":{"@type":"ImageObject","inLanguage":"de-DE","@id":"https:\/\/www.casantospirito.it\/de\/#\/schema\/logo\/image\/","url":"https:\/\/ca-santo-spirito.ms2.decms.eu\/wp-content\/uploads\/sites\/187\/2025\/02\/casantospirito_logo_r.svg","contentUrl":"https:\/\/ca-santo-spirito.ms2.decms.eu\/wp-content\/uploads\/sites\/187\/2025\/02\/casantospirito_logo_r.svg","width":435,"height":529,"caption":"B&B C\u00e0 Santo Spirito"},"image":{"@id":"https:\/\/www.casantospirito.it\/de\/#\/schema\/logo\/image\/"}}]}},"acf":[],"_links":{"self":[{"href":"https:\/\/www.casantospirito.it\/de\/wp-json\/wp\/v2\/pages\/367","targetHints":{"allow":["GET"]}}],"collection":[{"href":"https:\/\/www.casantospirito.it\/de\/wp-json\/wp\/v2\/pages"}],"about":[{"href":"https:\/\/www.casantospirito.it\/de\/wp-json\/wp\/v2\/types\/page"}],"author":[{"embeddable":true,"href":"https:\/\/www.casantospirito.it\/de\/wp-json\/wp\/v2\/users\/26"}],"replies":[{"embeddable":true,"href":"https:\/\/www.casantospirito.it\/de\/wp-json\/wp\/v2\/comments?post=367"}],"version-history":[{"count":0,"href":"https:\/\/www.casantospirito.it\/de\/wp-json\/wp\/v2\/pages\/367\/revisions"}],"up":[{"embeddable":true,"href":"https:\/\/www.casantospirito.it\/de\/wp-json\/wp\/v2\/pages\/332"}],"wp:attachment":[{"href":"https:\/\/www.casantospirito.it\/de\/wp-json\/wp\/v2\/media?parent=367"}],"curies":[{"name":"wp","href":"https:\/\/api.w.org\/{rel}","templated":true}]}}