{"id":324,"date":"2025-02-12T14:58:48","date_gmt":"2025-02-12T13:58:48","guid":{"rendered":"https:\/\/ca-santo-spirito.ms2.decms.eu\/?page_id=324"},"modified":"2025-07-29T17:34:51","modified_gmt":"2025-07-29T15:34:51","slug":"fruehstueck","status":"publish","type":"page","link":"https:\/\/www.casantospirito.it\/de\/leistungen\/fruehstueck\/","title":{"rendered":"Fr\u00fchst\u00fcck"},"content":{"rendered":"<p>Beginnen Sie Ihren Tag mit einem Moment echter Gastfreundschaft, bei dem das Vergn\u00fcgen des Aufwachens mit der Freude an einem sorgf\u00e4ltig zubereiteten Fr\u00fchst\u00fcck verschmilzt.<\/p>\n<p>Unser Fr\u00fchst\u00fcck ist eine Erfahrung, die entwickelt wurde, um Ihnen hochwertige Zutaten, reiche Aromen und eine Vielzahl von Optionen f\u00fcr jeden Geschmack zu bieten.<\/p>\n","protected":false},"excerpt":{"rendered":"<p>Beginnen Sie Ihren Tag mit einem Moment echter Gastfreundschaft, bei dem das Vergn\u00fcgen des Aufwachens mit der Freude an einem sorgf\u00e4ltig zubereiteten Fr\u00fchst\u00fcck verschmilzt. Unser Fr\u00fchst\u00fcck ist eine Erfahrung, die entwickelt wurde, um Ihnen hochwertige Zutaten, reiche Aromen und eine Vielzahl von Optionen f\u00fcr jeden Geschmack zu bieten.<\/p>\n","protected":false},"author":26,"featured_media":0,"parent":317,"menu_order":20,"comment_status":"closed","ping_status":"closed","template":"template-default-2.php","meta":{"footnotes":""},"class_list":["post-324","page","type-page","status-publish","hentry"],"yoast_head":"<!-- This site is optimized with the Yoast SEO plugin v27.3 - https:\/\/yoast.com\/product\/yoast-seo-wordpress\/ -->\n<title>Fr\u00fchst\u00fcck &#183; B&amp;B C\u00e0 Santo Spirito &#183;<\/title>\n<meta name=\"description\" content=\"Beginnen Sie Ihren Tag mit einem Moment echter Gastfreundschaft, bei dem das Vergn\u00fcgen des Aufwachens mit der Freude an einem sorgf\u00e4ltig zubereiteten Fr\u00fchst\u00fcck verschmilzt.  Unser Fr\u00fchst\u00fcck ist eine Erfahrung, die entwickelt wurde, um Ihnen hochwertige Zutaten, reiche Aromen und eine Vielzahl von Optionen f\u00fcr jeden Geschmack zu bieten..\" \/>\n<meta name=\"robots\" content=\"index, follow, max-snippet:-1, max-image-preview:large, max-video-preview:-1\" \/>\n<link rel=\"canonical\" href=\"https:\/\/www.casantospirito.it\/de\/leistungen\/fruehstueck\/\" \/>\n<meta property=\"og:locale\" content=\"de_DE\" \/>\n<meta property=\"og:type\" content=\"article\" \/>\n<meta property=\"og:title\" content=\"Fr\u00fchst\u00fcck &#183; B&amp;B C\u00e0 Santo Spirito &#183;\" \/>\n<meta property=\"og:description\" content=\"Beginnen Sie Ihren Tag mit einem Moment echter Gastfreundschaft, bei dem das Vergn\u00fcgen des Aufwachens mit der Freude an einem sorgf\u00e4ltig zubereiteten Fr\u00fchst\u00fcck verschmilzt.  Unser Fr\u00fchst\u00fcck ist eine Erfahrung, die entwickelt wurde, um Ihnen hochwertige Zutaten, reiche Aromen und eine Vielzahl von Optionen f\u00fcr jeden Geschmack zu bieten..\" \/>\n<meta property=\"og:url\" content=\"https:\/\/www.casantospirito.it\/de\/leistungen\/fruehstueck\/\" \/>\n<meta property=\"og:site_name\" content=\"B&amp;B C\u00e0 Santo Spirito\" \/>\n<meta property=\"article:modified_time\" content=\"2025-07-29T15:34:51+00:00\" \/>\n<meta property=\"og:image\" content=\"https:\/\/ca-santo-spirito.ms2.decms.eu\/wp-content\/uploads\/sites\/187\/2025\/09\/ca_dell_arte_venice_slide_01.jpg\" \/>\n\t<meta property=\"og:image:width\" content=\"2200\" \/>\n\t<meta property=\"og:image:height\" content=\"1200\" \/>\n\t<meta property=\"og:image:type\" content=\"image\/jpeg\" \/>\n<meta name=\"twitter:card\" content=\"summary_large_image\" \/>\n<meta name=\"twitter:label1\" content=\"Gesch\u00e4tzte Lesezeit\" \/>\n\t<meta name=\"twitter:data1\" content=\"1 Minute\" \/>\n<script type=\"application\/ld+json\" class=\"yoast-schema-graph\">{\"@context\":\"https:\\\/\\\/schema.org\",\"@graph\":[{\"@type\":\"WebPage\",\"@id\":\"https:\\\/\\\/www.casantospirito.it\\\/de\\\/leistungen\\\/fruehstueck\\\/\",\"url\":\"https:\\\/\\\/www.casantospirito.it\\\/de\\\/leistungen\\\/fruehstueck\\\/\",\"name\":\"Fr\u00fchst\u00fcck &#183; B&amp;B C\u00e0 Santo Spirito &#183;\",\"isPartOf\":{\"@id\":\"https:\\\/\\\/www.casantospirito.it\\\/de\\\/#website\"},\"datePublished\":\"2025-02-12T13:58:48+00:00\",\"dateModified\":\"2025-07-29T15:34:51+00:00\",\"description\":\"Beginnen Sie Ihren Tag mit einem Moment echter Gastfreundschaft, bei dem das Vergn\u00fcgen des Aufwachens mit der Freude an einem sorgf\u00e4ltig zubereiteten Fr\u00fchst\u00fcck verschmilzt. Unser Fr\u00fchst\u00fcck ist eine Erfahrung, die entwickelt wurde, um Ihnen hochwertige Zutaten, reiche Aromen und eine Vielzahl von Optionen f\u00fcr jeden Geschmack zu bieten..\",\"breadcrumb\":{\"@id\":\"https:\\\/\\\/www.casantospirito.it\\\/de\\\/leistungen\\\/fruehstueck\\\/#breadcrumb\"},\"inLanguage\":\"de-DE\",\"potentialAction\":[{\"@type\":\"ReadAction\",\"target\":[\"https:\\\/\\\/www.casantospirito.it\\\/de\\\/leistungen\\\/fruehstueck\\\/\"]}]},{\"@type\":\"BreadcrumbList\",\"@id\":\"https:\\\/\\\/www.casantospirito.it\\\/de\\\/leistungen\\\/fruehstueck\\\/#breadcrumb\",\"itemListElement\":[{\"@type\":\"ListItem\",\"position\":1,\"name\":\"Home\",\"item\":\"https:\\\/\\\/www.casantospirito.it\\\/de\\\/\"},{\"@type\":\"ListItem\",\"position\":2,\"name\":\"Leistungen\",\"item\":\"https:\\\/\\\/www.casantospirito.it\\\/de\\\/servizi\\\/\"},{\"@type\":\"ListItem\",\"position\":3,\"name\":\"Fr\u00fchst\u00fcck\"}]},{\"@type\":\"WebSite\",\"@id\":\"https:\\\/\\\/www.casantospirito.it\\\/de\\\/#website\",\"url\":\"https:\\\/\\\/www.casantospirito.it\\\/de\\\/\",\"name\":\"B&B C\u00e0 Santo Spirito\",\"description\":\"\",\"publisher\":{\"@id\":\"https:\\\/\\\/www.casantospirito.it\\\/de\\\/#organization\"},\"potentialAction\":[{\"@type\":\"SearchAction\",\"target\":{\"@type\":\"EntryPoint\",\"urlTemplate\":\"https:\\\/\\\/www.casantospirito.it\\\/de\\\/?s={search_term_string}\"},\"query-input\":{\"@type\":\"PropertyValueSpecification\",\"valueRequired\":true,\"valueName\":\"search_term_string\"}}],\"inLanguage\":\"de-DE\"},{\"@type\":\"Organization\",\"@id\":\"https:\\\/\\\/www.casantospirito.it\\\/de\\\/#organization\",\"name\":\"B&B C\u00e0 Santo Spirito\",\"url\":\"https:\\\/\\\/www.casantospirito.it\\\/de\\\/\",\"logo\":{\"@type\":\"ImageObject\",\"inLanguage\":\"de-DE\",\"@id\":\"https:\\\/\\\/www.casantospirito.it\\\/de\\\/#\\\/schema\\\/logo\\\/image\\\/\",\"url\":\"https:\\\/\\\/ca-santo-spirito.ms2.decms.eu\\\/wp-content\\\/uploads\\\/sites\\\/187\\\/2025\\\/02\\\/casantospirito_logo_r.svg\",\"contentUrl\":\"https:\\\/\\\/ca-santo-spirito.ms2.decms.eu\\\/wp-content\\\/uploads\\\/sites\\\/187\\\/2025\\\/02\\\/casantospirito_logo_r.svg\",\"width\":435,\"height\":529,\"caption\":\"B&B C\u00e0 Santo Spirito\"},\"image\":{\"@id\":\"https:\\\/\\\/www.casantospirito.it\\\/de\\\/#\\\/schema\\\/logo\\\/image\\\/\"}}]}<\/script>\n<!-- \/ Yoast SEO plugin. -->","yoast_head_json":{"title":"Fr\u00fchst\u00fcck &#183; B&amp;B C\u00e0 Santo Spirito &#183;","description":"Beginnen Sie Ihren Tag mit einem Moment echter Gastfreundschaft, bei dem das Vergn\u00fcgen des Aufwachens mit der Freude an einem sorgf\u00e4ltig zubereiteten Fr\u00fchst\u00fcck verschmilzt.  Unser Fr\u00fchst\u00fcck ist eine Erfahrung, die entwickelt wurde, um Ihnen hochwertige Zutaten, reiche Aromen und eine Vielzahl von Optionen f\u00fcr jeden Geschmack zu bieten..","robots":{"index":"index","follow":"follow","max-snippet":"max-snippet:-1","max-image-preview":"max-image-preview:large","max-video-preview":"max-video-preview:-1"},"canonical":"https:\/\/www.casantospirito.it\/de\/leistungen\/fruehstueck\/","og_locale":"de_DE","og_type":"article","og_title":"Fr\u00fchst\u00fcck &#183; B&amp;B C\u00e0 Santo Spirito &#183;","og_description":"Beginnen Sie Ihren Tag mit einem Moment echter Gastfreundschaft, bei dem das Vergn\u00fcgen des Aufwachens mit der Freude an einem sorgf\u00e4ltig zubereiteten Fr\u00fchst\u00fcck verschmilzt.  Unser Fr\u00fchst\u00fcck ist eine Erfahrung, die entwickelt wurde, um Ihnen hochwertige Zutaten, reiche Aromen und eine Vielzahl von Optionen f\u00fcr jeden Geschmack zu bieten..","og_url":"https:\/\/www.casantospirito.it\/de\/leistungen\/fruehstueck\/","og_site_name":"B&amp;B C\u00e0 Santo Spirito","article_modified_time":"2025-07-29T15:34:51+00:00","og_image":[{"width":2200,"height":1200,"url":"https:\/\/ca-santo-spirito.ms2.decms.eu\/wp-content\/uploads\/sites\/187\/2025\/09\/ca_dell_arte_venice_slide_01.jpg","type":"image\/jpeg"}],"twitter_card":"summary_large_image","twitter_misc":{"Gesch\u00e4tzte Lesezeit":"1 Minute"},"schema":{"@context":"https:\/\/schema.org","@graph":[{"@type":"WebPage","@id":"https:\/\/www.casantospirito.it\/de\/leistungen\/fruehstueck\/","url":"https:\/\/www.casantospirito.it\/de\/leistungen\/fruehstueck\/","name":"Fr\u00fchst\u00fcck &#183; B&amp;B C\u00e0 Santo Spirito &#183;","isPartOf":{"@id":"https:\/\/www.casantospirito.it\/de\/#website"},"datePublished":"2025-02-12T13:58:48+00:00","dateModified":"2025-07-29T15:34:51+00:00","description":"Beginnen Sie Ihren Tag mit einem Moment echter Gastfreundschaft, bei dem das Vergn\u00fcgen des Aufwachens mit der Freude an einem sorgf\u00e4ltig zubereiteten Fr\u00fchst\u00fcck verschmilzt. Unser Fr\u00fchst\u00fcck ist eine Erfahrung, die entwickelt wurde, um Ihnen hochwertige Zutaten, reiche Aromen und eine Vielzahl von Optionen f\u00fcr jeden Geschmack zu bieten..","breadcrumb":{"@id":"https:\/\/www.casantospirito.it\/de\/leistungen\/fruehstueck\/#breadcrumb"},"inLanguage":"de-DE","potentialAction":[{"@type":"ReadAction","target":["https:\/\/www.casantospirito.it\/de\/leistungen\/fruehstueck\/"]}]},{"@type":"BreadcrumbList","@id":"https:\/\/www.casantospirito.it\/de\/leistungen\/fruehstueck\/#breadcrumb","itemListElement":[{"@type":"ListItem","position":1,"name":"Home","item":"https:\/\/www.casantospirito.it\/de\/"},{"@type":"ListItem","position":2,"name":"Leistungen","item":"https:\/\/www.casantospirito.it\/de\/servizi\/"},{"@type":"ListItem","position":3,"name":"Fr\u00fchst\u00fcck"}]},{"@type":"WebSite","@id":"https:\/\/www.casantospirito.it\/de\/#website","url":"https:\/\/www.casantospirito.it\/de\/","name":"B&B C\u00e0 Santo Spirito","description":"","publisher":{"@id":"https:\/\/www.casantospirito.it\/de\/#organization"},"potentialAction":[{"@type":"SearchAction","target":{"@type":"EntryPoint","urlTemplate":"https:\/\/www.casantospirito.it\/de\/?s={search_term_string}"},"query-input":{"@type":"PropertyValueSpecification","valueRequired":true,"valueName":"search_term_string"}}],"inLanguage":"de-DE"},{"@type":"Organization","@id":"https:\/\/www.casantospirito.it\/de\/#organization","name":"B&B C\u00e0 Santo Spirito","url":"https:\/\/www.casantospirito.it\/de\/","logo":{"@type":"ImageObject","inLanguage":"de-DE","@id":"https:\/\/www.casantospirito.it\/de\/#\/schema\/logo\/image\/","url":"https:\/\/ca-santo-spirito.ms2.decms.eu\/wp-content\/uploads\/sites\/187\/2025\/02\/casantospirito_logo_r.svg","contentUrl":"https:\/\/ca-santo-spirito.ms2.decms.eu\/wp-content\/uploads\/sites\/187\/2025\/02\/casantospirito_logo_r.svg","width":435,"height":529,"caption":"B&B C\u00e0 Santo Spirito"},"image":{"@id":"https:\/\/www.casantospirito.it\/de\/#\/schema\/logo\/image\/"}}]}},"acf":[],"_links":{"self":[{"href":"https:\/\/www.casantospirito.it\/de\/wp-json\/wp\/v2\/pages\/324","targetHints":{"allow":["GET"]}}],"collection":[{"href":"https:\/\/www.casantospirito.it\/de\/wp-json\/wp\/v2\/pages"}],"about":[{"href":"https:\/\/www.casantospirito.it\/de\/wp-json\/wp\/v2\/types\/page"}],"author":[{"embeddable":true,"href":"https:\/\/www.casantospirito.it\/de\/wp-json\/wp\/v2\/users\/26"}],"replies":[{"embeddable":true,"href":"https:\/\/www.casantospirito.it\/de\/wp-json\/wp\/v2\/comments?post=324"}],"version-history":[{"count":0,"href":"https:\/\/www.casantospirito.it\/de\/wp-json\/wp\/v2\/pages\/324\/revisions"}],"up":[{"embeddable":true,"href":"https:\/\/www.casantospirito.it\/de\/wp-json\/wp\/v2\/pages\/317"}],"wp:attachment":[{"href":"https:\/\/www.casantospirito.it\/de\/wp-json\/wp\/v2\/media?parent=324"}],"curies":[{"name":"wp","href":"https:\/\/api.w.org\/{rel}","templated":true}]}}