{"id":306,"date":"2025-02-12T17:20:26","date_gmt":"2025-02-12T16:20:26","guid":{"rendered":"https:\/\/ca-santo-spirito.ms2.decms.eu\/?page_id=306"},"modified":"2025-07-29T17:21:13","modified_gmt":"2025-07-29T15:21:13","slug":"superior-zimmer","status":"publish","type":"page","link":"https:\/\/www.casantospirito.it\/de\/zimmer\/superior-zimmer\/","title":{"rendered":"Superior Zimmer"},"content":{"rendered":"<p>Die Superior Zimmer im C\u00e0 Santo Spirito bieten eine elegante, einladende und helle Atmosph\u00e4re. Alle Betten sind Queen Size mit orthop\u00e4dischen Matratzen, hypoallergenen Kissen und Decken, um maximalen Komfort zu gew\u00e4hrleisten.<\/p>\n<p>Jedes Zimmer verf\u00fcgt \u00fcber ein eigenes Bad, Klimaanlage, kostenloses Wi-Fi, einen Smart TV f\u00fcr Ihre bevorzugten Streaming-Kan\u00e4le, einen Wasserkocher mit Tee und Kaffee, einen Safe und ein B\u00fcgeleisen. Genie\u00dfen Sie den Komfort unserer Zimmer nach einem langen Tag, den Sie mit der Erkundung der engen Gassen der Stadt oder dem Bewundern der Sch\u00f6nheit der venezianischen Museen verbracht haben.<\/p>\n","protected":false},"excerpt":{"rendered":"<p>Die Superior Zimmer im C\u00e0 Santo Spirito bieten eine elegante, einladende und helle Atmosph\u00e4re. Alle Betten sind Queen Size mit orthop\u00e4dischen Matratzen, hypoallergenen Kissen und Decken, um maximalen Komfort zu gew\u00e4hrleisten. Jedes Zimmer verf\u00fcgt \u00fcber ein eigenes Bad, Klimaanlage, kostenloses Wi-Fi, einen Smart TV f\u00fcr Ihre bevorzugten Streaming-Kan\u00e4le, einen Wasserkocher mit Tee und Kaffee, einen [&hellip;]<\/p>\n","protected":false},"author":26,"featured_media":0,"parent":301,"menu_order":10,"comment_status":"closed","ping_status":"closed","template":"template-single-room.php","meta":{"footnotes":""},"yoast_head":"<!-- This site is optimized with the Yoast SEO plugin v22.3 - https:\/\/yoast.com\/wordpress\/plugins\/seo\/ -->\n<title>Superior Zimmer &#183; B&amp;B C\u00e0 Santo Spirito &#183;<\/title>\n<meta name=\"description\" content=\"Die Superior Zimmer im C\u00e0 Santo Spirito bieten eine elegante, einladende und helle Atmosph\u00e4re. Alle Betten sind Queen Size mit orthop\u00e4dischen Matratzen, hypoallergenen Kissen und Decken, um maximalen Komfort zu gew\u00e4hrleisten.  Jedes Zimmer verf\u00fcgt \u00fcber ein eigenes Bad, Klimaanlage, kostenloses Wi-Fi, einen Smart TV f\u00fcr Ihre bevorzugten Streaming-Kan\u00e4le, einen Wasserkocher mit Tee und Kaffee, einen Safe und ein B\u00fcgeleisen\" \/>\n<meta name=\"robots\" content=\"index, follow, max-snippet:-1, max-image-preview:large, max-video-preview:-1\" \/>\n<link rel=\"canonical\" href=\"https:\/\/www.casantospirito.it\/de\/zimmer\/superior-zimmer\/\" \/>\n<meta property=\"og:locale\" content=\"de_DE\" \/>\n<meta property=\"og:type\" content=\"article\" \/>\n<meta property=\"og:title\" content=\"Superior Zimmer &#183; B&amp;B C\u00e0 Santo Spirito &#183;\" \/>\n<meta property=\"og:description\" content=\"Die Superior Zimmer im C\u00e0 Santo Spirito bieten eine elegante, einladende und helle Atmosph\u00e4re. Alle Betten sind Queen Size mit orthop\u00e4dischen Matratzen, hypoallergenen Kissen und Decken, um maximalen Komfort zu gew\u00e4hrleisten.  Jedes Zimmer verf\u00fcgt \u00fcber ein eigenes Bad, Klimaanlage, kostenloses Wi-Fi, einen Smart TV f\u00fcr Ihre bevorzugten Streaming-Kan\u00e4le, einen Wasserkocher mit Tee und Kaffee, einen Safe und ein B\u00fcgeleisen\" \/>\n<meta property=\"og:url\" content=\"https:\/\/www.casantospirito.it\/de\/zimmer\/superior-zimmer\/\" \/>\n<meta property=\"og:site_name\" content=\"B&amp;B C\u00e0 Santo Spirito\" \/>\n<meta property=\"article:modified_time\" content=\"2025-07-29T15:21:13+00:00\" \/>\n<meta property=\"og:image\" content=\"https:\/\/ca-santo-spirito.ms2.decms.eu\/wp-content\/uploads\/sites\/187\/2025\/09\/ca_dell_arte_venice_slide_01.jpg\" \/>\n\t<meta property=\"og:image:width\" content=\"2200\" \/>\n\t<meta property=\"og:image:height\" content=\"1200\" \/>\n\t<meta property=\"og:image:type\" content=\"image\/jpeg\" \/>\n<meta name=\"twitter:card\" content=\"summary_large_image\" \/>\n<meta name=\"twitter:label1\" content=\"Gesch\u00e4tzte Lesezeit\" \/>\n\t<meta name=\"twitter:data1\" content=\"1 Minute\" \/>\n<script type=\"application\/ld+json\" class=\"yoast-schema-graph\">{\"@context\":\"https:\/\/schema.org\",\"@graph\":[{\"@type\":\"WebPage\",\"@id\":\"https:\/\/www.casantospirito.it\/de\/zimmer\/superior-zimmer\/\",\"url\":\"https:\/\/www.casantospirito.it\/de\/zimmer\/superior-zimmer\/\",\"name\":\"Superior Zimmer &#183; B&amp;B C\u00e0 Santo Spirito &#183;\",\"isPartOf\":{\"@id\":\"https:\/\/www.casantospirito.it\/de\/#website\"},\"datePublished\":\"2025-02-12T16:20:26+00:00\",\"dateModified\":\"2025-07-29T15:21:13+00:00\",\"description\":\"Die Superior Zimmer im C\u00e0 Santo Spirito bieten eine elegante, einladende und helle Atmosph\u00e4re. Alle Betten sind Queen Size mit orthop\u00e4dischen Matratzen, hypoallergenen Kissen und Decken, um maximalen Komfort zu gew\u00e4hrleisten. Jedes Zimmer verf\u00fcgt \u00fcber ein eigenes Bad, Klimaanlage, kostenloses Wi-Fi, einen Smart TV f\u00fcr Ihre bevorzugten Streaming-Kan\u00e4le, einen Wasserkocher mit Tee und Kaffee, einen Safe und ein B\u00fcgeleisen\",\"breadcrumb\":{\"@id\":\"https:\/\/www.casantospirito.it\/de\/zimmer\/superior-zimmer\/#breadcrumb\"},\"inLanguage\":\"de-DE\",\"potentialAction\":[{\"@type\":\"ReadAction\",\"target\":[\"https:\/\/www.casantospirito.it\/de\/zimmer\/superior-zimmer\/\"]}]},{\"@type\":\"BreadcrumbList\",\"@id\":\"https:\/\/www.casantospirito.it\/de\/zimmer\/superior-zimmer\/#breadcrumb\",\"itemListElement\":[{\"@type\":\"ListItem\",\"position\":1,\"name\":\"Home\",\"item\":\"https:\/\/www.casantospirito.it\/de\/\"},{\"@type\":\"ListItem\",\"position\":2,\"name\":\"Zimmer\",\"item\":\"https:\/\/www.casantospirito.it\/de\/stanze\/\"},{\"@type\":\"ListItem\",\"position\":3,\"name\":\"Superior Zimmer\"}]},{\"@type\":\"WebSite\",\"@id\":\"https:\/\/www.casantospirito.it\/de\/#website\",\"url\":\"https:\/\/www.casantospirito.it\/de\/\",\"name\":\"B&B C\u00e0 Santo Spirito\",\"description\":\"\",\"publisher\":{\"@id\":\"https:\/\/www.casantospirito.it\/de\/#organization\"},\"potentialAction\":[{\"@type\":\"SearchAction\",\"target\":{\"@type\":\"EntryPoint\",\"urlTemplate\":\"https:\/\/www.casantospirito.it\/de\/?s={search_term_string}\"},\"query-input\":\"required name=search_term_string\"}],\"inLanguage\":\"de-DE\"},{\"@type\":\"Organization\",\"@id\":\"https:\/\/www.casantospirito.it\/de\/#organization\",\"name\":\"B&B C\u00e0 Santo Spirito\",\"url\":\"https:\/\/www.casantospirito.it\/de\/\",\"logo\":{\"@type\":\"ImageObject\",\"inLanguage\":\"de-DE\",\"@id\":\"https:\/\/www.casantospirito.it\/de\/#\/schema\/logo\/image\/\",\"url\":\"https:\/\/ca-santo-spirito.ms2.decms.eu\/wp-content\/uploads\/sites\/187\/2025\/02\/casantospirito_logo_r.svg\",\"contentUrl\":\"https:\/\/ca-santo-spirito.ms2.decms.eu\/wp-content\/uploads\/sites\/187\/2025\/02\/casantospirito_logo_r.svg\",\"width\":435,\"height\":529,\"caption\":\"B&B C\u00e0 Santo Spirito\"},\"image\":{\"@id\":\"https:\/\/www.casantospirito.it\/de\/#\/schema\/logo\/image\/\"}}]}<\/script>\n<!-- \/ Yoast SEO plugin. -->","yoast_head_json":{"title":"Superior Zimmer &#183; B&amp;B C\u00e0 Santo Spirito &#183;","description":"Die Superior Zimmer im C\u00e0 Santo Spirito bieten eine elegante, einladende und helle Atmosph\u00e4re. Alle Betten sind Queen Size mit orthop\u00e4dischen Matratzen, hypoallergenen Kissen und Decken, um maximalen Komfort zu gew\u00e4hrleisten.  Jedes Zimmer verf\u00fcgt \u00fcber ein eigenes Bad, Klimaanlage, kostenloses Wi-Fi, einen Smart TV f\u00fcr Ihre bevorzugten Streaming-Kan\u00e4le, einen Wasserkocher mit Tee und Kaffee, einen Safe und ein B\u00fcgeleisen","robots":{"index":"index","follow":"follow","max-snippet":"max-snippet:-1","max-image-preview":"max-image-preview:large","max-video-preview":"max-video-preview:-1"},"canonical":"https:\/\/www.casantospirito.it\/de\/zimmer\/superior-zimmer\/","og_locale":"de_DE","og_type":"article","og_title":"Superior Zimmer &#183; B&amp;B C\u00e0 Santo Spirito &#183;","og_description":"Die Superior Zimmer im C\u00e0 Santo Spirito bieten eine elegante, einladende und helle Atmosph\u00e4re. Alle Betten sind Queen Size mit orthop\u00e4dischen Matratzen, hypoallergenen Kissen und Decken, um maximalen Komfort zu gew\u00e4hrleisten.  Jedes Zimmer verf\u00fcgt \u00fcber ein eigenes Bad, Klimaanlage, kostenloses Wi-Fi, einen Smart TV f\u00fcr Ihre bevorzugten Streaming-Kan\u00e4le, einen Wasserkocher mit Tee und Kaffee, einen Safe und ein B\u00fcgeleisen","og_url":"https:\/\/www.casantospirito.it\/de\/zimmer\/superior-zimmer\/","og_site_name":"B&amp;B C\u00e0 Santo Spirito","article_modified_time":"2025-07-29T15:21:13+00:00","og_image":[{"width":2200,"height":1200,"url":"https:\/\/ca-santo-spirito.ms2.decms.eu\/wp-content\/uploads\/sites\/187\/2025\/09\/ca_dell_arte_venice_slide_01.jpg","type":"image\/jpeg"}],"twitter_card":"summary_large_image","twitter_misc":{"Gesch\u00e4tzte Lesezeit":"1 Minute"},"schema":{"@context":"https:\/\/schema.org","@graph":[{"@type":"WebPage","@id":"https:\/\/www.casantospirito.it\/de\/zimmer\/superior-zimmer\/","url":"https:\/\/www.casantospirito.it\/de\/zimmer\/superior-zimmer\/","name":"Superior Zimmer &#183; B&amp;B C\u00e0 Santo Spirito &#183;","isPartOf":{"@id":"https:\/\/www.casantospirito.it\/de\/#website"},"datePublished":"2025-02-12T16:20:26+00:00","dateModified":"2025-07-29T15:21:13+00:00","description":"Die Superior Zimmer im C\u00e0 Santo Spirito bieten eine elegante, einladende und helle Atmosph\u00e4re. Alle Betten sind Queen Size mit orthop\u00e4dischen Matratzen, hypoallergenen Kissen und Decken, um maximalen Komfort zu gew\u00e4hrleisten. Jedes Zimmer verf\u00fcgt \u00fcber ein eigenes Bad, Klimaanlage, kostenloses Wi-Fi, einen Smart TV f\u00fcr Ihre bevorzugten Streaming-Kan\u00e4le, einen Wasserkocher mit Tee und Kaffee, einen Safe und ein B\u00fcgeleisen","breadcrumb":{"@id":"https:\/\/www.casantospirito.it\/de\/zimmer\/superior-zimmer\/#breadcrumb"},"inLanguage":"de-DE","potentialAction":[{"@type":"ReadAction","target":["https:\/\/www.casantospirito.it\/de\/zimmer\/superior-zimmer\/"]}]},{"@type":"BreadcrumbList","@id":"https:\/\/www.casantospirito.it\/de\/zimmer\/superior-zimmer\/#breadcrumb","itemListElement":[{"@type":"ListItem","position":1,"name":"Home","item":"https:\/\/www.casantospirito.it\/de\/"},{"@type":"ListItem","position":2,"name":"Zimmer","item":"https:\/\/www.casantospirito.it\/de\/stanze\/"},{"@type":"ListItem","position":3,"name":"Superior Zimmer"}]},{"@type":"WebSite","@id":"https:\/\/www.casantospirito.it\/de\/#website","url":"https:\/\/www.casantospirito.it\/de\/","name":"B&B C\u00e0 Santo Spirito","description":"","publisher":{"@id":"https:\/\/www.casantospirito.it\/de\/#organization"},"potentialAction":[{"@type":"SearchAction","target":{"@type":"EntryPoint","urlTemplate":"https:\/\/www.casantospirito.it\/de\/?s={search_term_string}"},"query-input":"required name=search_term_string"}],"inLanguage":"de-DE"},{"@type":"Organization","@id":"https:\/\/www.casantospirito.it\/de\/#organization","name":"B&B C\u00e0 Santo Spirito","url":"https:\/\/www.casantospirito.it\/de\/","logo":{"@type":"ImageObject","inLanguage":"de-DE","@id":"https:\/\/www.casantospirito.it\/de\/#\/schema\/logo\/image\/","url":"https:\/\/ca-santo-spirito.ms2.decms.eu\/wp-content\/uploads\/sites\/187\/2025\/02\/casantospirito_logo_r.svg","contentUrl":"https:\/\/ca-santo-spirito.ms2.decms.eu\/wp-content\/uploads\/sites\/187\/2025\/02\/casantospirito_logo_r.svg","width":435,"height":529,"caption":"B&B C\u00e0 Santo Spirito"},"image":{"@id":"https:\/\/www.casantospirito.it\/de\/#\/schema\/logo\/image\/"}}]}},"acf":[],"_links":{"self":[{"href":"https:\/\/www.casantospirito.it\/de\/wp-json\/wp\/v2\/pages\/306"}],"collection":[{"href":"https:\/\/www.casantospirito.it\/de\/wp-json\/wp\/v2\/pages"}],"about":[{"href":"https:\/\/www.casantospirito.it\/de\/wp-json\/wp\/v2\/types\/page"}],"author":[{"embeddable":true,"href":"https:\/\/www.casantospirito.it\/de\/wp-json\/wp\/v2\/users\/26"}],"replies":[{"embeddable":true,"href":"https:\/\/www.casantospirito.it\/de\/wp-json\/wp\/v2\/comments?post=306"}],"version-history":[{"count":0,"href":"https:\/\/www.casantospirito.it\/de\/wp-json\/wp\/v2\/pages\/306\/revisions"}],"up":[{"embeddable":true,"href":"https:\/\/www.casantospirito.it\/de\/wp-json\/wp\/v2\/pages\/301"}],"wp:attachment":[{"href":"https:\/\/www.casantospirito.it\/de\/wp-json\/wp\/v2\/media?parent=306"}],"curies":[{"name":"wp","href":"https:\/\/api.w.org\/{rel}","templated":true}]}}