{"id":294,"date":"2024-11-26T16:13:47","date_gmt":"2024-11-26T15:13:47","guid":{"rendered":"https:\/\/ca-santo-spirito.ms2.decms.eu\/?page_id=294"},"modified":"2025-07-29T17:15:56","modified_gmt":"2025-07-29T15:15:56","slug":"bb-ca-santo-spirito","status":"publish","type":"page","link":"https:\/\/www.casantospirito.it\/de\/","title":{"rendered":"B&#038;B C\u00e0 Santo Spirito"},"content":{"rendered":"<p>\u201eC\u00e0\u201c ist die Abk\u00fcrzung, die von den Venezianern verwendet wurde, um ein Zuhause zu bezeichnen, besonders das der adeligen Familien. F\u00fcr uns jedoch bedeutet \u201eC\u00e0\u201c einfach nur Zuhause, das Zuhause unserer Gro\u00dfeltern.<\/p>\n<p>Die Sommerferien im Haus der Gro\u00dfeltern zu verbringen, war ein besonderes Erlebnis, voller Abenteuer. In Dorsoduro gab es immer versteckte Ecken zu entdecken: stille Gassen, Kan\u00e4le, Gondeln, Werkst\u00e4tten von K\u00fcnstlern und unz\u00e4hlige Spuren einer romantischen und raffinierten Vergangenheit&#8230; und es gab den warmen, sch\u00fctzenden Charme des Gro\u00dfelternhauses, das nach Blumen aus dem Hof und selbstgemachten Keksen duftete, vers\u00fc\u00dft durch Abende, die auf dem Balkon verbracht wurden, und die Meeresbrise&#8230;<\/p>\n","protected":false},"excerpt":{"rendered":"<p>\u201eC\u00e0\u201c ist die Abk\u00fcrzung, die von den Venezianern verwendet wurde, um ein Zuhause zu bezeichnen, besonders das der adeligen Familien. F\u00fcr uns jedoch bedeutet \u201eC\u00e0\u201c einfach nur Zuhause, das Zuhause unserer Gro\u00dfeltern. Die Sommerferien im Haus der Gro\u00dfeltern zu verbringen, war ein besonderes Erlebnis, voller Abenteuer. In Dorsoduro gab es immer versteckte Ecken zu entdecken: [&hellip;]<\/p>\n","protected":false},"author":26,"featured_media":0,"parent":0,"menu_order":10,"comment_status":"closed","ping_status":"closed","template":"","meta":{"footnotes":""},"yoast_head":"<!-- This site is optimized with the Yoast SEO plugin v22.3 - https:\/\/yoast.com\/wordpress\/plugins\/seo\/ -->\n<title>B&amp;B C\u00e0 Santo Spirito &#183; B&amp;B C\u00e0 Santo Spirito &#183;<\/title>\n<meta name=\"description\" content=\"\u201eC\u00e0\u201c ist die Abk\u00fcrzung, die von den Venezianern verwendet wurde, um ein Zuhause zu bezeichnen, besonders das der adeligen Familien. F\u00fcr uns jedoch bedeutet \u201eC\u00e0\u201c einfach nur Zuhause, das Zuhause unserer Gro\u00dfeltern.  Die Sommerferien im Haus der Gro\u00dfeltern zu verbringen, war ein besonderes Erlebnis, voller Abenteuer\" \/>\n<meta name=\"robots\" content=\"index, follow, max-snippet:-1, max-image-preview:large, max-video-preview:-1\" \/>\n<link rel=\"canonical\" href=\"https:\/\/www.casantospirito.it\/de\/\" \/>\n<meta property=\"og:locale\" content=\"de_DE\" \/>\n<meta property=\"og:type\" content=\"article\" \/>\n<meta property=\"og:title\" content=\"B&amp;B C\u00e0 Santo Spirito &#183; B&amp;B C\u00e0 Santo Spirito &#183;\" \/>\n<meta property=\"og:description\" content=\"\u201eC\u00e0\u201c ist die Abk\u00fcrzung, die von den Venezianern verwendet wurde, um ein Zuhause zu bezeichnen, besonders das der adeligen Familien. F\u00fcr uns jedoch bedeutet \u201eC\u00e0\u201c einfach nur Zuhause, das Zuhause unserer Gro\u00dfeltern.  Die Sommerferien im Haus der Gro\u00dfeltern zu verbringen, war ein besonderes Erlebnis, voller Abenteuer\" \/>\n<meta property=\"og:url\" content=\"https:\/\/www.casantospirito.it\/de\/\" \/>\n<meta property=\"og:site_name\" content=\"B&amp;B C\u00e0 Santo Spirito\" \/>\n<meta property=\"article:modified_time\" content=\"2025-07-29T15:15:56+00:00\" \/>\n<meta property=\"og:image\" content=\"https:\/\/ca-santo-spirito.ms2.decms.eu\/wp-content\/uploads\/sites\/187\/2025\/09\/ca_dell_arte_venice_slide_01.jpg\" \/>\n\t<meta property=\"og:image:width\" content=\"2200\" \/>\n\t<meta property=\"og:image:height\" content=\"1200\" \/>\n\t<meta property=\"og:image:type\" content=\"image\/jpeg\" \/>\n<meta name=\"twitter:card\" content=\"summary_large_image\" \/>\n<meta name=\"twitter:label1\" content=\"Gesch\u00e4tzte Lesezeit\" \/>\n\t<meta name=\"twitter:data1\" content=\"1 Minute\" \/>\n<script type=\"application\/ld+json\" class=\"yoast-schema-graph\">{\"@context\":\"https:\/\/schema.org\",\"@graph\":[{\"@type\":\"WebPage\",\"@id\":\"https:\/\/www.casantospirito.it\/de\/\",\"url\":\"https:\/\/www.casantospirito.it\/de\/\",\"name\":\"B&B C\u00e0 Santo Spirito &#183; B&amp;B C\u00e0 Santo Spirito &#183;\",\"isPartOf\":{\"@id\":\"https:\/\/www.casantospirito.it\/de\/#website\"},\"datePublished\":\"2024-11-26T15:13:47+00:00\",\"dateModified\":\"2025-07-29T15:15:56+00:00\",\"description\":\"\u201eC\u00e0\u201c ist die Abk\u00fcrzung, die von den Venezianern verwendet wurde, um ein Zuhause zu bezeichnen, besonders das der adeligen Familien. F\u00fcr uns jedoch bedeutet \u201eC\u00e0\u201c einfach nur Zuhause, das Zuhause unserer Gro\u00dfeltern. Die Sommerferien im Haus der Gro\u00dfeltern zu verbringen, war ein besonderes Erlebnis, voller Abenteuer\",\"breadcrumb\":{\"@id\":\"https:\/\/www.casantospirito.it\/de\/#breadcrumb\"},\"inLanguage\":\"de-DE\",\"potentialAction\":[{\"@type\":\"ReadAction\",\"target\":[\"https:\/\/www.casantospirito.it\/de\/\"]}]},{\"@type\":\"BreadcrumbList\",\"@id\":\"https:\/\/www.casantospirito.it\/de\/#breadcrumb\",\"itemListElement\":[{\"@type\":\"ListItem\",\"position\":1,\"name\":\"Home\",\"item\":\"https:\/\/www.casantospirito.it\/de\/\"},{\"@type\":\"ListItem\",\"position\":2,\"name\":\"B&#038;B C\u00e0 Santo Spirito\"}]},{\"@type\":\"WebSite\",\"@id\":\"https:\/\/www.casantospirito.it\/de\/#website\",\"url\":\"https:\/\/www.casantospirito.it\/de\/\",\"name\":\"B&B C\u00e0 Santo Spirito\",\"description\":\"\",\"publisher\":{\"@id\":\"https:\/\/www.casantospirito.it\/de\/#organization\"},\"potentialAction\":[{\"@type\":\"SearchAction\",\"target\":{\"@type\":\"EntryPoint\",\"urlTemplate\":\"https:\/\/www.casantospirito.it\/de\/?s={search_term_string}\"},\"query-input\":\"required name=search_term_string\"}],\"inLanguage\":\"de-DE\"},{\"@type\":\"Organization\",\"@id\":\"https:\/\/www.casantospirito.it\/de\/#organization\",\"name\":\"B&B C\u00e0 Santo Spirito\",\"url\":\"https:\/\/www.casantospirito.it\/de\/\",\"logo\":{\"@type\":\"ImageObject\",\"inLanguage\":\"de-DE\",\"@id\":\"https:\/\/www.casantospirito.it\/de\/#\/schema\/logo\/image\/\",\"url\":\"https:\/\/ca-santo-spirito.ms2.decms.eu\/wp-content\/uploads\/sites\/187\/2025\/02\/casantospirito_logo_r.svg\",\"contentUrl\":\"https:\/\/ca-santo-spirito.ms2.decms.eu\/wp-content\/uploads\/sites\/187\/2025\/02\/casantospirito_logo_r.svg\",\"width\":435,\"height\":529,\"caption\":\"B&B C\u00e0 Santo Spirito\"},\"image\":{\"@id\":\"https:\/\/www.casantospirito.it\/de\/#\/schema\/logo\/image\/\"}}]}<\/script>\n<!-- \/ Yoast SEO plugin. -->","yoast_head_json":{"title":"B&B C\u00e0 Santo Spirito &#183; B&amp;B C\u00e0 Santo Spirito &#183;","description":"\u201eC\u00e0\u201c ist die Abk\u00fcrzung, die von den Venezianern verwendet wurde, um ein Zuhause zu bezeichnen, besonders das der adeligen Familien. F\u00fcr uns jedoch bedeutet \u201eC\u00e0\u201c einfach nur Zuhause, das Zuhause unserer Gro\u00dfeltern.  Die Sommerferien im Haus der Gro\u00dfeltern zu verbringen, war ein besonderes Erlebnis, voller Abenteuer","robots":{"index":"index","follow":"follow","max-snippet":"max-snippet:-1","max-image-preview":"max-image-preview:large","max-video-preview":"max-video-preview:-1"},"canonical":"https:\/\/www.casantospirito.it\/de\/","og_locale":"de_DE","og_type":"article","og_title":"B&B C\u00e0 Santo Spirito &#183; B&amp;B C\u00e0 Santo Spirito &#183;","og_description":"\u201eC\u00e0\u201c ist die Abk\u00fcrzung, die von den Venezianern verwendet wurde, um ein Zuhause zu bezeichnen, besonders das der adeligen Familien. F\u00fcr uns jedoch bedeutet \u201eC\u00e0\u201c einfach nur Zuhause, das Zuhause unserer Gro\u00dfeltern.  Die Sommerferien im Haus der Gro\u00dfeltern zu verbringen, war ein besonderes Erlebnis, voller Abenteuer","og_url":"https:\/\/www.casantospirito.it\/de\/","og_site_name":"B&amp;B C\u00e0 Santo Spirito","article_modified_time":"2025-07-29T15:15:56+00:00","og_image":[{"width":2200,"height":1200,"url":"https:\/\/ca-santo-spirito.ms2.decms.eu\/wp-content\/uploads\/sites\/187\/2025\/09\/ca_dell_arte_venice_slide_01.jpg","type":"image\/jpeg"}],"twitter_card":"summary_large_image","twitter_misc":{"Gesch\u00e4tzte Lesezeit":"1 Minute"},"schema":{"@context":"https:\/\/schema.org","@graph":[{"@type":"WebPage","@id":"https:\/\/www.casantospirito.it\/de\/","url":"https:\/\/www.casantospirito.it\/de\/","name":"B&B C\u00e0 Santo Spirito &#183; B&amp;B C\u00e0 Santo Spirito &#183;","isPartOf":{"@id":"https:\/\/www.casantospirito.it\/de\/#website"},"datePublished":"2024-11-26T15:13:47+00:00","dateModified":"2025-07-29T15:15:56+00:00","description":"\u201eC\u00e0\u201c ist die Abk\u00fcrzung, die von den Venezianern verwendet wurde, um ein Zuhause zu bezeichnen, besonders das der adeligen Familien. F\u00fcr uns jedoch bedeutet \u201eC\u00e0\u201c einfach nur Zuhause, das Zuhause unserer Gro\u00dfeltern. Die Sommerferien im Haus der Gro\u00dfeltern zu verbringen, war ein besonderes Erlebnis, voller Abenteuer","breadcrumb":{"@id":"https:\/\/www.casantospirito.it\/de\/#breadcrumb"},"inLanguage":"de-DE","potentialAction":[{"@type":"ReadAction","target":["https:\/\/www.casantospirito.it\/de\/"]}]},{"@type":"BreadcrumbList","@id":"https:\/\/www.casantospirito.it\/de\/#breadcrumb","itemListElement":[{"@type":"ListItem","position":1,"name":"Home","item":"https:\/\/www.casantospirito.it\/de\/"},{"@type":"ListItem","position":2,"name":"B&#038;B C\u00e0 Santo Spirito"}]},{"@type":"WebSite","@id":"https:\/\/www.casantospirito.it\/de\/#website","url":"https:\/\/www.casantospirito.it\/de\/","name":"B&B C\u00e0 Santo Spirito","description":"","publisher":{"@id":"https:\/\/www.casantospirito.it\/de\/#organization"},"potentialAction":[{"@type":"SearchAction","target":{"@type":"EntryPoint","urlTemplate":"https:\/\/www.casantospirito.it\/de\/?s={search_term_string}"},"query-input":"required name=search_term_string"}],"inLanguage":"de-DE"},{"@type":"Organization","@id":"https:\/\/www.casantospirito.it\/de\/#organization","name":"B&B C\u00e0 Santo Spirito","url":"https:\/\/www.casantospirito.it\/de\/","logo":{"@type":"ImageObject","inLanguage":"de-DE","@id":"https:\/\/www.casantospirito.it\/de\/#\/schema\/logo\/image\/","url":"https:\/\/ca-santo-spirito.ms2.decms.eu\/wp-content\/uploads\/sites\/187\/2025\/02\/casantospirito_logo_r.svg","contentUrl":"https:\/\/ca-santo-spirito.ms2.decms.eu\/wp-content\/uploads\/sites\/187\/2025\/02\/casantospirito_logo_r.svg","width":435,"height":529,"caption":"B&B C\u00e0 Santo Spirito"},"image":{"@id":"https:\/\/www.casantospirito.it\/de\/#\/schema\/logo\/image\/"}}]}},"acf":[],"_links":{"self":[{"href":"https:\/\/www.casantospirito.it\/de\/wp-json\/wp\/v2\/pages\/294"}],"collection":[{"href":"https:\/\/www.casantospirito.it\/de\/wp-json\/wp\/v2\/pages"}],"about":[{"href":"https:\/\/www.casantospirito.it\/de\/wp-json\/wp\/v2\/types\/page"}],"author":[{"embeddable":true,"href":"https:\/\/www.casantospirito.it\/de\/wp-json\/wp\/v2\/users\/26"}],"replies":[{"embeddable":true,"href":"https:\/\/www.casantospirito.it\/de\/wp-json\/wp\/v2\/comments?post=294"}],"version-history":[{"count":0,"href":"https:\/\/www.casantospirito.it\/de\/wp-json\/wp\/v2\/pages\/294\/revisions"}],"wp:attachment":[{"href":"https:\/\/www.casantospirito.it\/de\/wp-json\/wp\/v2\/media?parent=294"}],"curies":[{"name":"wp","href":"https:\/\/api.w.org\/{rel}","templated":true}]}}